{"id":13932,"date":"2025-10-09T09:50:08","date_gmt":"2025-10-09T09:50:08","guid":{"rendered":"http:\/\/hexexist.com\/product\/duyarli-fotograf-galerisi-eklentisi-foogallery\/"},"modified":"2025-10-09T09:50:08","modified_gmt":"2025-10-09T09:50:08","slug":"duyarli-fotograf-galerisi-eklentisi-foogallery","status":"publish","type":"product","link":"https:\/\/hexexist.com\/tr\/urun\/duyarli-fotograf-galerisi-eklentisi-foogallery\/","title":{"rendered":"Duyarl\u0131 Foto\u011fraf Galerisi Eklentisi FooGallery"},"content":{"rendered":"<p>FooGallery, \u00e7arp\u0131c\u0131 foto\u011fraf galerileri, resim g\u00f6r\u00fcnt\u00fcleyiciler, Justified &amp; Masonry \u0131zgaralar, Carouseller ve resim portf\u00f6yleri olu\u015fturman\u0131z\u0131 sa\u011flayan g\u00fc\u00e7l\u00fc ve kullan\u0131m\u0131 kolay bir WordPress galeri eklentisidir. Geli\u015fmi\u015f \u00f6zelle\u015ftirme se\u00e7enekleri ve g\u00fczel \u00f6nceden olu\u015fturulmu\u015f \u015fablonlarla FooGallery, herhangi bir web sitesi i\u00e7in lightbox efektli duyarl\u0131 resim galerileri olu\u015fturmak i\u00e7in m\u00fckemmeldir. <\/p>\n","protected":false},"excerpt":{"rendered":"<p>FooGallery, \u00e7arp\u0131c\u0131 foto\u011fraf galerileri, resim g\u00f6r\u00fcnt\u00fcleyiciler, Justified &amp; Masonry \u0131zgaralar, Carouseller ve resim portf\u00f6yleri olu\u015fturman\u0131z\u0131 sa\u011flayan g\u00fc\u00e7l\u00fc ve kullan\u0131m\u0131 kolay bir WordPress galeri eklentisidir. Geli\u015fmi\u015f \u00f6zelle\u015ftirme se\u00e7enekleri ve g\u00fczel \u00f6nceden olu\u015fturulmu\u015f \u015fablonlarla FooGallery, herhangi bir web sitesi i\u00e7in lightbox efektli duyarl\u0131 resim galerileri olu\u015fturmak i\u00e7in m\u00fckemmeldir.<\/p>\n","protected":false},"featured_media":10944,"comment_status":"open","ping_status":"closed","template":"","meta":[],"product_brand":[],"product_cat":[1413],"product_tag":[2090,2069,1703,2067,2071],"class_list":{"0":"post-13932","1":"product","2":"type-product","3":"status-publish","4":"has-post-thumbnail","6":"product_cat-eklentiler","7":"product_tag-duyarli-galeri","8":"product_tag-fotograf-galerisi","9":"product_tag-galeri","10":"product_tag-resim-galerisi","11":"product_tag-wordpress-galeri-eklentisi","13":"first","14":"instock","15":"downloadable","16":"virtual","17":"product-type-simple"},"_links":{"self":[{"href":"https:\/\/hexexist.com\/tr\/wp-json\/wp\/v2\/product\/13932","targetHints":{"allow":["GET"]}}],"collection":[{"href":"https:\/\/hexexist.com\/tr\/wp-json\/wp\/v2\/product"}],"about":[{"href":"https:\/\/hexexist.com\/tr\/wp-json\/wp\/v2\/types\/product"}],"replies":[{"embeddable":true,"href":"https:\/\/hexexist.com\/tr\/wp-json\/wp\/v2\/comments?post=13932"}],"wp:featuredmedia":[{"embeddable":true,"href":"https:\/\/hexexist.com\/tr\/wp-json\/wp\/v2\/media\/10944"}],"wp:attachment":[{"href":"https:\/\/hexexist.com\/tr\/wp-json\/wp\/v2\/media?parent=13932"}],"wp:term":[{"taxonomy":"product_brand","embeddable":true,"href":"https:\/\/hexexist.com\/tr\/wp-json\/wp\/v2\/product_brand?post=13932"},{"taxonomy":"product_cat","embeddable":true,"href":"https:\/\/hexexist.com\/tr\/wp-json\/wp\/v2\/product_cat?post=13932"},{"taxonomy":"product_tag","embeddable":true,"href":"https:\/\/hexexist.com\/tr\/wp-json\/wp\/v2\/product_tag?post=13932"}],"curies":[{"name":"wp","href":"https:\/\/api.w.org\/{rel}","templated":true}]}}