{"id":13933,"date":"2025-10-09T09:50:09","date_gmt":"2025-10-09T09:50:09","guid":{"rendered":"http:\/\/hexexist.com\/product\/duyarli-isik-kutusu-ve-galeri\/"},"modified":"2025-10-09T09:50:09","modified_gmt":"2025-10-09T09:50:09","slug":"duyarli-isik-kutusu-ve-galeri","status":"publish","type":"product","link":"https:\/\/hexexist.com\/tr\/urun\/duyarli-isik-kutusu-ve-galeri\/","title":{"rendered":"Duyarl\u0131 I\u015f\u0131k Kutusu ve Galeri"},"content":{"rendered":"<p>Responsive Lightbox and Gallery eklentisi, her g\u00fcn 300.000&#8217;den fazla aktif kullan\u0131c\u0131 taraf\u0131ndan kullan\u0131lan ve 3 Milyondan fazla kez indirilen g\u00fc\u00e7l\u00fc bir S\u00fcr\u00fckle ve B\u0131rak Galeri Olu\u015fturucu ve Lightbox i\u015flevselli\u011fine sahip tam te\u015fekk\u00fcll\u00fc bir WordPress galeri eklentisidir.<\/p>\n","protected":false},"excerpt":{"rendered":"<p>Responsive Lightbox and Gallery eklentisi, her g\u00fcn 300.000&#8217;den fazla aktif kullan\u0131c\u0131 taraf\u0131ndan kullan\u0131lan ve 3 Milyondan fazla kez indirilen g\u00fc\u00e7l\u00fc bir S\u00fcr\u00fckle ve B\u0131rak Galeri Olu\u015fturucu ve Lightbox i\u015flevselli\u011fine sahip tam te\u015fekk\u00fcll\u00fc bir WordPress galeri eklentisidir.<\/p>\n","protected":false},"featured_media":13135,"comment_status":"open","ping_status":"closed","template":"","meta":[],"product_brand":[],"product_cat":[1413],"product_tag":[1703,2092,1449,1596,2091],"class_list":{"0":"post-13933","1":"product","2":"type-product","3":"status-publish","4":"has-post-thumbnail","6":"product_cat-eklentiler","7":"product_tag-galeri","8":"product_tag-galeriler","9":"product_tag-goruntuler","10":"product_tag-image-tr","11":"product_tag-isik-kutusu","13":"first","14":"instock","15":"downloadable","16":"virtual","17":"product-type-simple"},"_links":{"self":[{"href":"https:\/\/hexexist.com\/tr\/wp-json\/wp\/v2\/product\/13933","targetHints":{"allow":["GET"]}}],"collection":[{"href":"https:\/\/hexexist.com\/tr\/wp-json\/wp\/v2\/product"}],"about":[{"href":"https:\/\/hexexist.com\/tr\/wp-json\/wp\/v2\/types\/product"}],"replies":[{"embeddable":true,"href":"https:\/\/hexexist.com\/tr\/wp-json\/wp\/v2\/comments?post=13933"}],"wp:featuredmedia":[{"embeddable":true,"href":"https:\/\/hexexist.com\/tr\/wp-json\/wp\/v2\/media\/13135"}],"wp:attachment":[{"href":"https:\/\/hexexist.com\/tr\/wp-json\/wp\/v2\/media?parent=13933"}],"wp:term":[{"taxonomy":"product_brand","embeddable":true,"href":"https:\/\/hexexist.com\/tr\/wp-json\/wp\/v2\/product_brand?post=13933"},{"taxonomy":"product_cat","embeddable":true,"href":"https:\/\/hexexist.com\/tr\/wp-json\/wp\/v2\/product_cat?post=13933"},{"taxonomy":"product_tag","embeddable":true,"href":"https:\/\/hexexist.com\/tr\/wp-json\/wp\/v2\/product_tag?post=13933"}],"curies":[{"name":"wp","href":"https:\/\/api.w.org\/{rel}","templated":true}]}}