{"id":13934,"date":"2025-10-09T09:50:10","date_gmt":"2025-10-09T09:50:10","guid":{"rendered":"http:\/\/hexexist.com\/product\/woocommerce-icin-wpml-cok-dilli-ve-cok-para-birimli\/"},"modified":"2025-10-09T09:50:10","modified_gmt":"2025-10-09T09:50:10","slug":"woocommerce-icin-wpml-cok-dilli-ve-cok-para-birimli","status":"publish","type":"product","link":"https:\/\/hexexist.com\/tr\/urun\/woocommerce-icin-wpml-cok-dilli-ve-cok-para-birimli\/","title":{"rendered":"WooCommerce i\u00e7in WPML \u00c7ok Dilli ve \u00c7ok Para Birimli"},"content":{"rendered":"<p>Uluslararas\u0131 sat\u0131\u015f yapmaya ba\u015flamak i\u00e7in ihtiyac\u0131n\u0131z olan her \u015fey bu eklentide. Ma\u011fazan\u0131z\u0131n veya \u00e7al\u0131\u015fan ekibinizin boyutu ne olursa olsun, \u00fcr\u00fcnleri birden fazla para biriminde kolayca kurun ve y\u00f6netin. Veya WPML sat\u0131n alarak y\u00fckseltme yap\u0131n ve d\u00fcnyan\u0131n her yerinden yeni m\u00fc\u015fterilere ula\u015fmak i\u00e7in ma\u011fazan\u0131z\u0131n tamam\u0131n\u0131 terc\u00fcme edin.  <\/p>\n","protected":false},"excerpt":{"rendered":"<p>Uluslararas\u0131 sat\u0131\u015f yapmaya ba\u015flamak i\u00e7in ihtiyac\u0131n\u0131z olan her \u015fey bu eklentide. Ma\u011fazan\u0131z\u0131n veya \u00e7al\u0131\u015fan ekibinizin boyutu ne olursa olsun, \u00fcr\u00fcnleri birden fazla para biriminde kolayca kurun ve y\u00f6netin. Veya WPML sat\u0131n alarak y\u00fckseltme yap\u0131n ve d\u00fcnyan\u0131n her yerinden yeni m\u00fc\u015fterilere ula\u015fmak i\u00e7in ma\u011fazan\u0131z\u0131n tamam\u0131n\u0131 terc\u00fcme edin.<\/p>\n","protected":false},"featured_media":13139,"comment_status":"open","ping_status":"closed","template":"","meta":[],"product_brand":[],"product_cat":[1413],"product_tag":[1560,2094,1504,2093,1459],"class_list":{"0":"post-13934","1":"product","2":"type-product","3":"status-publish","4":"has-post-thumbnail","6":"product_cat-eklentiler","7":"product_tag-cok-dilli","8":"product_tag-coklu-para-birimi","9":"product_tag-e-ticaret","10":"product_tag-ticaret","11":"product_tag-woocommerce-tr","13":"first","14":"instock","15":"downloadable","16":"virtual","17":"product-type-simple"},"_links":{"self":[{"href":"https:\/\/hexexist.com\/tr\/wp-json\/wp\/v2\/product\/13934","targetHints":{"allow":["GET"]}}],"collection":[{"href":"https:\/\/hexexist.com\/tr\/wp-json\/wp\/v2\/product"}],"about":[{"href":"https:\/\/hexexist.com\/tr\/wp-json\/wp\/v2\/types\/product"}],"replies":[{"embeddable":true,"href":"https:\/\/hexexist.com\/tr\/wp-json\/wp\/v2\/comments?post=13934"}],"wp:featuredmedia":[{"embeddable":true,"href":"https:\/\/hexexist.com\/tr\/wp-json\/wp\/v2\/media\/13139"}],"wp:attachment":[{"href":"https:\/\/hexexist.com\/tr\/wp-json\/wp\/v2\/media?parent=13934"}],"wp:term":[{"taxonomy":"product_brand","embeddable":true,"href":"https:\/\/hexexist.com\/tr\/wp-json\/wp\/v2\/product_brand?post=13934"},{"taxonomy":"product_cat","embeddable":true,"href":"https:\/\/hexexist.com\/tr\/wp-json\/wp\/v2\/product_cat?post=13934"},{"taxonomy":"product_tag","embeddable":true,"href":"https:\/\/hexexist.com\/tr\/wp-json\/wp\/v2\/product_tag?post=13934"}],"curies":[{"name":"wp","href":"https:\/\/api.w.org\/{rel}","templated":true}]}}