{"id":13937,"date":"2025-10-09T09:50:10","date_gmt":"2025-10-09T09:50:10","guid":{"rendered":"http:\/\/hexexist.com\/product\/vk-hepsi-bir-arada-genisletme-unitesi\/"},"modified":"2025-10-09T09:50:10","modified_gmt":"2025-10-09T09:50:10","slug":"vk-hepsi-bir-arada-genisletme-unitesi","status":"publish","type":"product","link":"https:\/\/hexexist.com\/tr\/urun\/vk-hepsi-bir-arada-genisletme-unitesi\/","title":{"rendered":"VK Hepsi Bir Arada Geni\u015fletme \u00dcnitesi"},"content":{"rendered":"<p>Bu eklenti, web sitenizi g\u00fc\u00e7l\u00fc k\u0131lan \u00e7e\u015fitli \u00f6zelliklere sahip entegre bir eklentidir.<\/p>\n","protected":false},"excerpt":{"rendered":"<p>Bu eklenti, web sitenizi g\u00fc\u00e7l\u00fc k\u0131lan \u00e7e\u015fitli \u00f6zelliklere sahip entegre bir eklentidir.<\/p>\n","protected":false},"featured_media":13138,"comment_status":"open","ping_status":"closed","template":"","meta":[],"product_brand":[],"product_cat":[1413],"product_tag":[2098,1980,2100,2099,2096],"class_list":{"0":"post-13937","1":"product","2":"type-product","3":"status-publish","4":"has-post-thumbnail","6":"product_cat-eklentiler","7":"product_tag-facebook-sayfa-eklentisi","8":"product_tag-google-analitik","9":"product_tag-ilgili-gonderiler","10":"product_tag-og-etiketleri","11":"product_tag-site-haritasi","13":"first","14":"instock","15":"downloadable","16":"virtual","17":"product-type-simple"},"_links":{"self":[{"href":"https:\/\/hexexist.com\/tr\/wp-json\/wp\/v2\/product\/13937","targetHints":{"allow":["GET"]}}],"collection":[{"href":"https:\/\/hexexist.com\/tr\/wp-json\/wp\/v2\/product"}],"about":[{"href":"https:\/\/hexexist.com\/tr\/wp-json\/wp\/v2\/types\/product"}],"replies":[{"embeddable":true,"href":"https:\/\/hexexist.com\/tr\/wp-json\/wp\/v2\/comments?post=13937"}],"wp:featuredmedia":[{"embeddable":true,"href":"https:\/\/hexexist.com\/tr\/wp-json\/wp\/v2\/media\/13138"}],"wp:attachment":[{"href":"https:\/\/hexexist.com\/tr\/wp-json\/wp\/v2\/media?parent=13937"}],"wp:term":[{"taxonomy":"product_brand","embeddable":true,"href":"https:\/\/hexexist.com\/tr\/wp-json\/wp\/v2\/product_brand?post=13937"},{"taxonomy":"product_cat","embeddable":true,"href":"https:\/\/hexexist.com\/tr\/wp-json\/wp\/v2\/product_cat?post=13937"},{"taxonomy":"product_tag","embeddable":true,"href":"https:\/\/hexexist.com\/tr\/wp-json\/wp\/v2\/product_tag?post=13937"}],"curies":[{"name":"wp","href":"https:\/\/api.w.org\/{rel}","templated":true}]}}