{"id":13938,"date":"2025-10-09T09:50:09","date_gmt":"2025-10-09T09:50:09","guid":{"rendered":"http:\/\/hexexist.com\/product\/themeisle-tarafindan-menu-simgeleri\/"},"modified":"2025-10-09T09:50:09","modified_gmt":"2025-10-09T09:50:09","slug":"themeisle-tarafindan-menu-simgeleri","status":"publish","type":"product","link":"https:\/\/hexexist.com\/tr\/urun\/themeisle-tarafindan-menu-simgeleri\/","title":{"rendered":"ThemeIsle taraf\u0131ndan Men\u00fc Simgeleri"},"content":{"rendered":"<p>Bu eklenti, men\u00fc \u00f6\u011felerinize en son g\u00f6sterge tablosu men\u00fcs\u00fcn\u00fcn g\u00f6r\u00fcn\u00fcm\u00fcne benzer simgeler ekleme olana\u011f\u0131 sa\u011flar.<\/p>\n","protected":false},"excerpt":{"rendered":"<p>Bu eklenti, men\u00fc \u00f6\u011felerinize en son g\u00f6sterge tablosu men\u00fcs\u00fcn\u00fcn g\u00f6r\u00fcn\u00fcm\u00fcne benzer simgeler ekleme olana\u011f\u0131 sa\u011flar.<\/p>\n","protected":false},"featured_media":13132,"comment_status":"open","ping_status":"closed","template":"","meta":[],"product_brand":[],"product_cat":[1413],"product_tag":[1686,1687,1530,1655],"class_list":{"0":"post-13938","1":"product","2":"type-product","3":"status-publish","4":"has-post-thumbnail","6":"product_cat-eklentiler","7":"product_tag-menu-tr","8":"product_tag-nav-menusu","9":"product_tag-navigasyon","10":"product_tag-simgeler","12":"first","13":"instock","14":"downloadable","15":"virtual","16":"product-type-simple"},"_links":{"self":[{"href":"https:\/\/hexexist.com\/tr\/wp-json\/wp\/v2\/product\/13938","targetHints":{"allow":["GET"]}}],"collection":[{"href":"https:\/\/hexexist.com\/tr\/wp-json\/wp\/v2\/product"}],"about":[{"href":"https:\/\/hexexist.com\/tr\/wp-json\/wp\/v2\/types\/product"}],"replies":[{"embeddable":true,"href":"https:\/\/hexexist.com\/tr\/wp-json\/wp\/v2\/comments?post=13938"}],"wp:featuredmedia":[{"embeddable":true,"href":"https:\/\/hexexist.com\/tr\/wp-json\/wp\/v2\/media\/13132"}],"wp:attachment":[{"href":"https:\/\/hexexist.com\/tr\/wp-json\/wp\/v2\/media?parent=13938"}],"wp:term":[{"taxonomy":"product_brand","embeddable":true,"href":"https:\/\/hexexist.com\/tr\/wp-json\/wp\/v2\/product_brand?post=13938"},{"taxonomy":"product_cat","embeddable":true,"href":"https:\/\/hexexist.com\/tr\/wp-json\/wp\/v2\/product_cat?post=13938"},{"taxonomy":"product_tag","embeddable":true,"href":"https:\/\/hexexist.com\/tr\/wp-json\/wp\/v2\/product_tag?post=13938"}],"curies":[{"name":"wp","href":"https:\/\/api.w.org\/{rel}","templated":true}]}}