{"id":13939,"date":"2025-10-09T09:50:13","date_gmt":"2025-10-09T09:50:13","guid":{"rendered":"http:\/\/hexexist.com\/product\/404ten-301e-yonlendirme-404-hatalarini-gunluge-kaydetme-ve-bildirme\/"},"modified":"2025-10-09T09:50:13","modified_gmt":"2025-10-09T09:50:13","slug":"404ten-301e-yonlendirme-404-hatalarini-gunluge-kaydetme-ve-bildirme","status":"publish","type":"product","link":"https:\/\/hexexist.com\/tr\/urun\/404ten-301e-yonlendirme-404-hatalarini-gunluge-kaydetme-ve-bildirme\/","title":{"rendered":"404&#8217;ten 301&#8217;e Y\u00f6nlendirme, 404 Hatalar\u0131n\u0131 G\u00fcnl\u00fc\u011fe Kaydetme ve Bildirme"},"content":{"rendered":"<p>Web sitenizi \u00f6nemsiyorsan\u0131z, SEO&#8217;nuzu k\u00f6t\u00fc etkiledi\u011fi i\u00e7in 404 hatalar\u0131ndan ka\u00e7\u0131nmak i\u00e7in ad\u0131mlar atmal\u0131s\u0131n\u0131z. 404 (Sayfa bulunamad\u0131) hatalar\u0131 yayg\u0131nd\u0131r ve hepimiz bundan nefret ederiz, Arama motorlar\u0131 bile ayn\u0131 \u015feyi yapar! Bu eklentiyi y\u00fckleyin ve arkan\u0131za yaslan\u0131p rahatlay\u0131n. 404 hatalar\u0131n\u0131n icab\u0131na bakacak!   <\/p>\n","protected":false},"excerpt":{"rendered":"<p>Web sitenizi \u00f6nemsiyorsan\u0131z, SEO&#8217;nuzu k\u00f6t\u00fc etkiledi\u011fi i\u00e7in 404 hatalar\u0131ndan ka\u00e7\u0131nmak i\u00e7in ad\u0131mlar atmal\u0131s\u0131n\u0131z. 404 (Sayfa bulunamad\u0131) hatalar\u0131 yayg\u0131nd\u0131r ve hepimiz bundan nefret ederiz, Arama motorlar\u0131 bile ayn\u0131 \u015feyi yapar! Bu eklentiyi y\u00fckleyin ve arkan\u0131za yaslan\u0131p rahatlay\u0131n. 404 hatalar\u0131n\u0131n icab\u0131na bakacak!<\/p>\n","protected":false},"featured_media":13145,"comment_status":"open","ping_status":"closed","template":"","meta":[],"product_brand":[],"product_cat":[1413],"product_tag":[2040,2102,2104,2103,2101],"class_list":{"0":"post-13939","1":"product","2":"type-product","3":"status-publish","4":"has-post-thumbnail","6":"product_cat-eklentiler","7":"product_tag-404-tr","8":"product_tag-404-yonlendirme","9":"product_tag-bulunamadi","10":"product_tag-ozel-404-sayfasi","11":"product_tag-seo-yonlendirme","13":"first","14":"instock","15":"downloadable","16":"virtual","17":"product-type-simple"},"_links":{"self":[{"href":"https:\/\/hexexist.com\/tr\/wp-json\/wp\/v2\/product\/13939","targetHints":{"allow":["GET"]}}],"collection":[{"href":"https:\/\/hexexist.com\/tr\/wp-json\/wp\/v2\/product"}],"about":[{"href":"https:\/\/hexexist.com\/tr\/wp-json\/wp\/v2\/types\/product"}],"replies":[{"embeddable":true,"href":"https:\/\/hexexist.com\/tr\/wp-json\/wp\/v2\/comments?post=13939"}],"wp:featuredmedia":[{"embeddable":true,"href":"https:\/\/hexexist.com\/tr\/wp-json\/wp\/v2\/media\/13145"}],"wp:attachment":[{"href":"https:\/\/hexexist.com\/tr\/wp-json\/wp\/v2\/media?parent=13939"}],"wp:term":[{"taxonomy":"product_brand","embeddable":true,"href":"https:\/\/hexexist.com\/tr\/wp-json\/wp\/v2\/product_brand?post=13939"},{"taxonomy":"product_cat","embeddable":true,"href":"https:\/\/hexexist.com\/tr\/wp-json\/wp\/v2\/product_cat?post=13939"},{"taxonomy":"product_tag","embeddable":true,"href":"https:\/\/hexexist.com\/tr\/wp-json\/wp\/v2\/product_tag?post=13939"}],"curies":[{"name":"wp","href":"https:\/\/api.w.org\/{rel}","templated":true}]}}