{"id":13940,"date":"2025-10-09T09:50:10","date_gmt":"2025-10-09T09:50:10","guid":{"rendered":"http:\/\/hexexist.com\/product\/wp-icerik-kopyalama-korumasi-ve-sag-tiklama-yok\/"},"modified":"2025-10-09T09:50:10","modified_gmt":"2025-10-09T09:50:10","slug":"wp-icerik-kopyalama-korumasi-ve-sag-tiklama-yok","status":"publish","type":"product","link":"https:\/\/hexexist.com\/tr\/urun\/wp-icerik-kopyalama-korumasi-ve-sag-tiklama-yok\/","title":{"rendered":"WP \u0130\u00e7erik Kopyalama Korumas\u0131 ve Sa\u011f T\u0131klama Yok"},"content":{"rendered":"<p>Bu wp eklentisi, yaz\u0131 i\u00e7eri\u011finin ba\u015fka bir web sitesi yazar\u0131 taraf\u0131ndan kopyalanmas\u0131n\u0131 \u00f6nler, i\u00e7eri\u011finizin izniniz olmadan yay\u0131lmas\u0131n\u0131 istemezsiniz!!! Eklenti, yaz\u0131lar\u0131n\u0131z\u0131 ve ana sayfan\u0131z\u0131 birden fazla teknikle (JavaScript + CSS) koruyacakt\u0131r, bu teknikler ba\u015fka hi\u00e7bir wordpress eklentisinde bulunmaz ve bu eklenti ile \u00fccretsiz olarak sahip olacaks\u0131n\u0131z <\/p>\n","protected":false},"excerpt":{"rendered":"<p>Bu wp eklentisi, yaz\u0131 i\u00e7eri\u011finin ba\u015fka bir web sitesi yazar\u0131 taraf\u0131ndan kopyalanmas\u0131n\u0131 \u00f6nler, i\u00e7eri\u011finizin izniniz olmadan yay\u0131lmas\u0131n\u0131 istemezsiniz!!! Eklenti, yaz\u0131lar\u0131n\u0131z\u0131 ve ana sayfan\u0131z\u0131 birden fazla teknikle (JavaScript + CSS) koruyacakt\u0131r, bu teknikler ba\u015fka hi\u00e7bir wordpress eklentisinde bulunmaz ve bu eklenti ile \u00fccretsiz olarak sahip olacaks\u0131n\u0131z<\/p>\n","protected":false},"featured_media":13141,"comment_status":"open","ping_status":"closed","template":"","meta":[],"product_brand":[],"product_cat":[1413],"product_tag":[2107,2105,2106,2109,2108],"class_list":{"0":"post-13940","1":"product","2":"type-product","3":"status-publish","4":"has-post-thumbnail","6":"product_cat-eklentiler","7":"product_tag-goruntu-koruma","8":"product_tag-icerik-kopyalama-korumasi","9":"product_tag-icerik-koruma","10":"product_tag-kopyalamayi-onle","11":"product_tag-sag-tik-yok","13":"first","14":"instock","15":"downloadable","16":"virtual","17":"product-type-simple"},"_links":{"self":[{"href":"https:\/\/hexexist.com\/tr\/wp-json\/wp\/v2\/product\/13940","targetHints":{"allow":["GET"]}}],"collection":[{"href":"https:\/\/hexexist.com\/tr\/wp-json\/wp\/v2\/product"}],"about":[{"href":"https:\/\/hexexist.com\/tr\/wp-json\/wp\/v2\/types\/product"}],"replies":[{"embeddable":true,"href":"https:\/\/hexexist.com\/tr\/wp-json\/wp\/v2\/comments?post=13940"}],"wp:featuredmedia":[{"embeddable":true,"href":"https:\/\/hexexist.com\/tr\/wp-json\/wp\/v2\/media\/13141"}],"wp:attachment":[{"href":"https:\/\/hexexist.com\/tr\/wp-json\/wp\/v2\/media?parent=13940"}],"wp:term":[{"taxonomy":"product_brand","embeddable":true,"href":"https:\/\/hexexist.com\/tr\/wp-json\/wp\/v2\/product_brand?post=13940"},{"taxonomy":"product_cat","embeddable":true,"href":"https:\/\/hexexist.com\/tr\/wp-json\/wp\/v2\/product_cat?post=13940"},{"taxonomy":"product_tag","embeddable":true,"href":"https:\/\/hexexist.com\/tr\/wp-json\/wp\/v2\/product_tag?post=13940"}],"curies":[{"name":"wp","href":"https:\/\/api.w.org\/{rel}","templated":true}]}}