{"id":13941,"date":"2025-10-09T09:50:13","date_gmt":"2025-10-09T09:50:13","guid":{"rendered":"http:\/\/hexexist.com\/product\/xml-site-haritasi-ve-google-haberler\/"},"modified":"2025-10-09T09:50:13","modified_gmt":"2025-10-09T09:50:13","slug":"xml-site-haritasi-ve-google-haberler","status":"publish","type":"product","link":"https:\/\/hexexist.com\/tr\/urun\/xml-site-haritasi-ve-google-haberler\/","title":{"rendered":"XML Site Haritas\u0131 ve Google Haberler"},"content":{"rendered":"<p>Bu eklenti, WordPress \u00e7ekirdek XML Site Haritas\u0131n\u0131 \u00e7e\u015fitli se\u00e7eneklerle kontrol etmenizi sa\u011flar ve bir Google Haberler Site Haritas\u0131 eklemenize izin verir. Multisite, Polylang ve WPML uyumludur ve statik dosya olu\u015fturulmaz. <\/p>\n","protected":false},"excerpt":{"rendered":"<p>Bu eklenti, WordPress \u00e7ekirdek XML Site Haritas\u0131n\u0131 \u00e7e\u015fitli se\u00e7eneklerle kontrol etmenizi sa\u011flar ve bir Google Haberler Site Haritas\u0131 eklemenize izin verir. Multisite, Polylang ve WPML uyumludur ve statik dosya olu\u015fturulmaz.<\/p>\n","protected":false},"featured_media":13144,"comment_status":"open","ping_status":"closed","template":"","meta":[],"product_brand":[],"product_cat":[1413],"product_tag":[2111,2110,2112,2096,1881],"class_list":{"0":"post-13941","1":"product","2":"type-product","3":"status-publish","4":"has-post-thumbnail","6":"product_cat-eklentiler","7":"product_tag-google-haberleri","8":"product_tag-haberler","9":"product_tag-robotlar","10":"product_tag-site-haritasi","11":"product_tag-xml-tr","13":"first","14":"instock","15":"downloadable","16":"virtual","17":"product-type-simple"},"_links":{"self":[{"href":"https:\/\/hexexist.com\/tr\/wp-json\/wp\/v2\/product\/13941","targetHints":{"allow":["GET"]}}],"collection":[{"href":"https:\/\/hexexist.com\/tr\/wp-json\/wp\/v2\/product"}],"about":[{"href":"https:\/\/hexexist.com\/tr\/wp-json\/wp\/v2\/types\/product"}],"replies":[{"embeddable":true,"href":"https:\/\/hexexist.com\/tr\/wp-json\/wp\/v2\/comments?post=13941"}],"wp:featuredmedia":[{"embeddable":true,"href":"https:\/\/hexexist.com\/tr\/wp-json\/wp\/v2\/media\/13144"}],"wp:attachment":[{"href":"https:\/\/hexexist.com\/tr\/wp-json\/wp\/v2\/media?parent=13941"}],"wp:term":[{"taxonomy":"product_brand","embeddable":true,"href":"https:\/\/hexexist.com\/tr\/wp-json\/wp\/v2\/product_brand?post=13941"},{"taxonomy":"product_cat","embeddable":true,"href":"https:\/\/hexexist.com\/tr\/wp-json\/wp\/v2\/product_cat?post=13941"},{"taxonomy":"product_tag","embeddable":true,"href":"https:\/\/hexexist.com\/tr\/wp-json\/wp\/v2\/product_tag?post=13941"}],"curies":[{"name":"wp","href":"https:\/\/api.w.org\/{rel}","templated":true}]}}