{"id":13942,"date":"2025-10-09T09:50:10","date_gmt":"2025-10-09T09:50:10","guid":{"rendered":"http:\/\/hexexist.com\/product\/wordpress-populer-yazilar\/"},"modified":"2025-10-09T09:50:10","modified_gmt":"2025-10-09T09:50:10","slug":"wordpress-populer-yazilar","status":"publish","type":"product","link":"https:\/\/hexexist.com\/tr\/urun\/wordpress-populer-yazilar\/","title":{"rendered":"WordPress Pop\u00fcler Yaz\u0131lar"},"content":{"rendered":"<p>WordPress Pop\u00fcler Yaz\u0131lar, en pop\u00fcler yaz\u0131lar\u0131n\u0131z\u0131 g\u00f6r\u00fcnt\u00fcleyen son derece \u00f6zelle\u015ftirilebilir bir eklentidir.<\/p>\n","protected":false},"excerpt":{"rendered":"<p>WordPress Pop\u00fcler Yaz\u0131lar, en pop\u00fcler yaz\u0131lar\u0131n\u0131z\u0131 g\u00f6r\u00fcnt\u00fcleyen son derece \u00f6zelle\u015ftirilebilir bir eklentidir.<\/p>\n","protected":false},"featured_media":13140,"comment_status":"open","ping_status":"closed","template":"","meta":[],"product_brand":[],"product_cat":[1413],"product_tag":[1494,2113,2115,2116,1427],"class_list":{"0":"post-13942","1":"product","2":"type-product","3":"status-publish","4":"has-post-thumbnail","6":"product_cat-eklentiler","7":"product_tag-gonderiler","8":"product_tag-populer","9":"product_tag-populerlik","10":"product_tag-top-tr","11":"product_tag-widget-tr","13":"first","14":"instock","15":"downloadable","16":"virtual","17":"product-type-simple"},"_links":{"self":[{"href":"https:\/\/hexexist.com\/tr\/wp-json\/wp\/v2\/product\/13942","targetHints":{"allow":["GET"]}}],"collection":[{"href":"https:\/\/hexexist.com\/tr\/wp-json\/wp\/v2\/product"}],"about":[{"href":"https:\/\/hexexist.com\/tr\/wp-json\/wp\/v2\/types\/product"}],"replies":[{"embeddable":true,"href":"https:\/\/hexexist.com\/tr\/wp-json\/wp\/v2\/comments?post=13942"}],"wp:featuredmedia":[{"embeddable":true,"href":"https:\/\/hexexist.com\/tr\/wp-json\/wp\/v2\/media\/13140"}],"wp:attachment":[{"href":"https:\/\/hexexist.com\/tr\/wp-json\/wp\/v2\/media?parent=13942"}],"wp:term":[{"taxonomy":"product_brand","embeddable":true,"href":"https:\/\/hexexist.com\/tr\/wp-json\/wp\/v2\/product_brand?post=13942"},{"taxonomy":"product_cat","embeddable":true,"href":"https:\/\/hexexist.com\/tr\/wp-json\/wp\/v2\/product_cat?post=13942"},{"taxonomy":"product_tag","embeddable":true,"href":"https:\/\/hexexist.com\/tr\/wp-json\/wp\/v2\/product_tag?post=13942"}],"curies":[{"name":"wp","href":"https:\/\/api.w.org\/{rel}","templated":true}]}}