{"id":13943,"date":"2025-10-09T09:50:13","date_gmt":"2025-10-09T09:50:13","guid":{"rendered":"http:\/\/hexexist.com\/product\/wps-limit-girisi\/"},"modified":"2025-10-09T09:50:13","modified_gmt":"2025-10-09T09:50:13","slug":"wps-limit-girisi","status":"publish","type":"product","link":"https:\/\/hexexist.com\/tr\/urun\/wps-limit-girisi\/","title":{"rendered":"WPS Limit Giri\u015fi"},"content":{"rendered":"<p>Ba\u011flant\u0131 sayfas\u0131 arac\u0131l\u0131\u011f\u0131yla ve auth \u00e7erezlerini kullanarak m\u00fcmk\u00fcn olan ge\u00e7ici ba\u011flant\u0131 say\u0131s\u0131n\u0131 s\u0131n\u0131rlay\u0131n. WordPress par d\u00e9faut permet des tentatives de connexiones illimit\u00e9es soit via la page de connexion or en envoyant des cookies sp\u00e9ciaux. Bu, pas kelimelerinin (veya hash&#8217;lerin) kaba kuvvet yoluyla nispeten kolay bir \u015fekilde k\u0131r\u0131lmas\u0131n\u0131 sa\u011flar. WPS Limit oturum a\u00e7ma, ba\u011flant\u0131 giri\u015fimlerini s\u0131n\u0131rlar ve belirli bir s\u0131n\u0131ra ula\u015f\u0131ld\u0131ktan sonra bir \u0130nternet adresine ba\u015fka giri\u015fimlerin g\u00f6nderilmesini engeller, bu da kaba kuvvetle sald\u0131r\u0131y\u0131 zorla\u015ft\u0131r\u0131r, hatta imkans\u0131z hale getirir.   <\/p>\n","protected":false},"excerpt":{"rendered":"<p>Ba\u011flant\u0131 sayfas\u0131 arac\u0131l\u0131\u011f\u0131yla ve auth \u00e7erezlerini kullanarak m\u00fcmk\u00fcn olan ge\u00e7ici ba\u011flant\u0131 say\u0131s\u0131n\u0131 s\u0131n\u0131rlay\u0131n. WordPress par d\u00e9faut permet des tentatives de connexiones illimit\u00e9es soit via la page de connexion or en envoyant des cookies sp\u00e9ciaux. Bu, pas kelimelerinin (veya hash&#8217;lerin) kaba kuvvet yoluyla nispeten kolay bir \u015fekilde k\u0131r\u0131lmas\u0131n\u0131 sa\u011flar. WPS Limit oturum a\u00e7ma, ba\u011flant\u0131 giri\u015fimlerini s\u0131n\u0131rlar [&hellip;]<\/p>\n","protected":false},"featured_media":10974,"comment_status":"open","ping_status":"closed","template":"","meta":[],"product_brand":[],"product_cat":[1413],"product_tag":[2015,1455,1470,2114],"class_list":{"0":"post-13943","1":"product","2":"type-product","3":"status-publish","4":"has-post-thumbnail","6":"product_cat-eklentiler","7":"product_tag-giris","8":"product_tag-guvenlik","9":"product_tag-kimlik-dogrulama","10":"product_tag-limit-girisi","12":"first","13":"instock","14":"downloadable","15":"virtual","16":"product-type-simple"},"_links":{"self":[{"href":"https:\/\/hexexist.com\/tr\/wp-json\/wp\/v2\/product\/13943","targetHints":{"allow":["GET"]}}],"collection":[{"href":"https:\/\/hexexist.com\/tr\/wp-json\/wp\/v2\/product"}],"about":[{"href":"https:\/\/hexexist.com\/tr\/wp-json\/wp\/v2\/types\/product"}],"replies":[{"embeddable":true,"href":"https:\/\/hexexist.com\/tr\/wp-json\/wp\/v2\/comments?post=13943"}],"wp:featuredmedia":[{"embeddable":true,"href":"https:\/\/hexexist.com\/tr\/wp-json\/wp\/v2\/media\/10974"}],"wp:attachment":[{"href":"https:\/\/hexexist.com\/tr\/wp-json\/wp\/v2\/media?parent=13943"}],"wp:term":[{"taxonomy":"product_brand","embeddable":true,"href":"https:\/\/hexexist.com\/tr\/wp-json\/wp\/v2\/product_brand?post=13943"},{"taxonomy":"product_cat","embeddable":true,"href":"https:\/\/hexexist.com\/tr\/wp-json\/wp\/v2\/product_cat?post=13943"},{"taxonomy":"product_tag","embeddable":true,"href":"https:\/\/hexexist.com\/tr\/wp-json\/wp\/v2\/product_tag?post=13943"}],"curies":[{"name":"wp","href":"https:\/\/api.w.org\/{rel}","templated":true}]}}