{"id":13944,"date":"2025-10-09T09:50:13","date_gmt":"2025-10-09T09:50:13","guid":{"rendered":"http:\/\/hexexist.com\/product\/ucretli-uyelik-eklentisi-e-ticaret-kullanici-kayit-formu-giris-formu-kullanici-profili-icerik-kisitlama-profilepress\/"},"modified":"2025-10-09T09:50:13","modified_gmt":"2025-10-09T09:50:13","slug":"ucretli-uyelik-eklentisi-e-ticaret-kullanici-kayit-formu-giris-formu-kullanici-profili-icerik-kisitlama-profilepress","status":"publish","type":"product","link":"https:\/\/hexexist.com\/tr\/urun\/ucretli-uyelik-eklentisi-e-ticaret-kullanici-kayit-formu-giris-formu-kullanici-profili-icerik-kisitlama-profilepress\/","title":{"rendered":"\u00dccretli \u00dcyelik Eklentisi, E-ticaret, Kullan\u0131c\u0131 Kay\u0131t Formu, Giri\u015f Formu, Kullan\u0131c\u0131 Profili &amp; \u0130\u00e7erik K\u0131s\u0131tlama ProfilePress"},"content":{"rendered":"<p>ProfilePress, Banka Havalesi, Stripe, PayPal, RazorPay, Mollie &amp; Paystack arac\u0131l\u0131\u011f\u0131yla tek seferlik ve yinelenen \u00f6demeleri kabul etmek, abonelikler ve dijital \u00fcr\u00fcnler veya dijital indirmeler (indirilebilir dosyalar) satmak, \u00f6deme duvar\u0131 ve i\u00e7eri\u011fi k\u0131s\u0131tlamak ve kullan\u0131c\u0131 eri\u015fimini kontrol etmek i\u00e7in g\u00fc\u00e7l\u00fc bir e-ticaret ve \u00fccretli \u00fcyelik eklentisidir.<\/p>\n","protected":false},"excerpt":{"rendered":"<p>ProfilePress, Banka Havalesi, Stripe, PayPal, RazorPay, Mollie &amp; Paystack arac\u0131l\u0131\u011f\u0131yla tek seferlik ve yinelenen \u00f6demeleri kabul etmek, abonelikler ve dijital \u00fcr\u00fcnler veya dijital indirmeler (indirilebilir dosyalar) satmak, \u00f6deme duvar\u0131 ve i\u00e7eri\u011fi k\u0131s\u0131tlamak ve kullan\u0131c\u0131 eri\u015fimini kontrol etmek i\u00e7in g\u00fc\u00e7l\u00fc bir e-ticaret ve \u00fccretli \u00fcyelik eklentisidir.<\/p>\n","protected":false},"featured_media":13142,"comment_status":"open","ping_status":"closed","template":"","meta":[],"product_brand":[],"product_cat":[1413],"product_tag":[1504,2119,1932,2118,2117],"class_list":{"0":"post-13944","1":"product","2":"type-product","3":"status-publish","4":"has-post-thumbnail","6":"product_cat-eklentiler","7":"product_tag-e-ticaret","8":"product_tag-kullanici-kaydi","9":"product_tag-kullanici-profili","10":"product_tag-uyelik","11":"product_tag-uyelikler","13":"first","14":"instock","15":"downloadable","16":"virtual","17":"product-type-simple"},"_links":{"self":[{"href":"https:\/\/hexexist.com\/tr\/wp-json\/wp\/v2\/product\/13944","targetHints":{"allow":["GET"]}}],"collection":[{"href":"https:\/\/hexexist.com\/tr\/wp-json\/wp\/v2\/product"}],"about":[{"href":"https:\/\/hexexist.com\/tr\/wp-json\/wp\/v2\/types\/product"}],"replies":[{"embeddable":true,"href":"https:\/\/hexexist.com\/tr\/wp-json\/wp\/v2\/comments?post=13944"}],"wp:featuredmedia":[{"embeddable":true,"href":"https:\/\/hexexist.com\/tr\/wp-json\/wp\/v2\/media\/13142"}],"wp:attachment":[{"href":"https:\/\/hexexist.com\/tr\/wp-json\/wp\/v2\/media?parent=13944"}],"wp:term":[{"taxonomy":"product_brand","embeddable":true,"href":"https:\/\/hexexist.com\/tr\/wp-json\/wp\/v2\/product_brand?post=13944"},{"taxonomy":"product_cat","embeddable":true,"href":"https:\/\/hexexist.com\/tr\/wp-json\/wp\/v2\/product_cat?post=13944"},{"taxonomy":"product_tag","embeddable":true,"href":"https:\/\/hexexist.com\/tr\/wp-json\/wp\/v2\/product_tag?post=13944"}],"curies":[{"name":"wp","href":"https:\/\/api.w.org\/{rel}","templated":true}]}}