{"id":13945,"date":"2025-10-09T09:50:14","date_gmt":"2025-10-09T09:50:14","guid":{"rendered":"http:\/\/hexexist.com\/product\/iletisim-formu-7-icin-kosullu-alanlar\/"},"modified":"2025-10-09T09:50:14","modified_gmt":"2025-10-09T09:50:14","slug":"iletisim-formu-7-icin-kosullu-alanlar","status":"publish","type":"product","link":"https:\/\/hexexist.com\/tr\/urun\/iletisim-formu-7-icin-kosullu-alanlar\/","title":{"rendered":"\u0130leti\u015fim Formu 7 i\u00e7in Ko\u015fullu Alanlar"},"content":{"rendered":"<p>Bu eklenti Contact Form 7&#8217;ye ko\u015fullu mant\u0131k ekler.<\/p>\n","protected":false},"excerpt":{"rendered":"<p>Bu eklenti Contact Form 7&#8217;ye ko\u015fullu mant\u0131k ekler.<\/p>\n","protected":false},"featured_media":13147,"comment_status":"open","ping_status":"closed","template":"","meta":[],"product_brand":[],"product_cat":[1413],"product_tag":[1431,1528,1543,2120,2121],"class_list":{"0":"post-13945","1":"product","2":"type-product","3":"status-publish","4":"has-post-thumbnail","6":"product_cat-eklentiler","7":"product_tag-form-tr","8":"product_tag-formlar","9":"product_tag-iletisim-formu-7","10":"product_tag-kosullu-alanlar","11":"product_tag-kosullu-mantik","13":"first","14":"instock","15":"downloadable","16":"virtual","17":"product-type-simple"},"_links":{"self":[{"href":"https:\/\/hexexist.com\/tr\/wp-json\/wp\/v2\/product\/13945","targetHints":{"allow":["GET"]}}],"collection":[{"href":"https:\/\/hexexist.com\/tr\/wp-json\/wp\/v2\/product"}],"about":[{"href":"https:\/\/hexexist.com\/tr\/wp-json\/wp\/v2\/types\/product"}],"replies":[{"embeddable":true,"href":"https:\/\/hexexist.com\/tr\/wp-json\/wp\/v2\/comments?post=13945"}],"wp:featuredmedia":[{"embeddable":true,"href":"https:\/\/hexexist.com\/tr\/wp-json\/wp\/v2\/media\/13147"}],"wp:attachment":[{"href":"https:\/\/hexexist.com\/tr\/wp-json\/wp\/v2\/media?parent=13945"}],"wp:term":[{"taxonomy":"product_brand","embeddable":true,"href":"https:\/\/hexexist.com\/tr\/wp-json\/wp\/v2\/product_brand?post=13945"},{"taxonomy":"product_cat","embeddable":true,"href":"https:\/\/hexexist.com\/tr\/wp-json\/wp\/v2\/product_cat?post=13945"},{"taxonomy":"product_tag","embeddable":true,"href":"https:\/\/hexexist.com\/tr\/wp-json\/wp\/v2\/product_tag?post=13945"}],"curies":[{"name":"wp","href":"https:\/\/api.w.org\/{rel}","templated":true}]}}