{"id":13946,"date":"2025-10-09T09:50:14","date_gmt":"2025-10-09T09:50:14","guid":{"rendered":"http:\/\/hexexist.com\/product\/esnek-nakliye-ile-woocommerce-icin-tablo-fiyatli-nakliye-yontemi\/"},"modified":"2025-10-09T09:50:14","modified_gmt":"2025-10-09T09:50:14","slug":"esnek-nakliye-ile-woocommerce-icin-tablo-fiyatli-nakliye-yontemi","status":"publish","type":"product","link":"https:\/\/hexexist.com\/tr\/urun\/esnek-nakliye-ile-woocommerce-icin-tablo-fiyatli-nakliye-yontemi\/","title":{"rendered":"Esnek Nakliye ile WooCommerce i\u00e7in Tablo Fiyatl\u0131 Nakliye Y\u00f6ntemi"},"content":{"rendered":"<p>Flexible Shipping, WooCommerce ma\u011fazalar\u0131 i\u00e7in en geli\u015fmi\u015f kargo eklentisidir ve kargo maliyetlerini a\u011f\u0131rl\u0131k ve\/veya sepet toplam\u0131na g\u00f6re hesaplaman\u0131za olanak tan\u0131r. PRO s\u00fcr\u00fcm\u00fc ile birle\u015ftirdi\u011finizde ihtiyac\u0131n\u0131z olan tek WooCommerce kargo eklentisi haline gelecektir. <\/p>\n","protected":false},"excerpt":{"rendered":"<p>Flexible Shipping, WooCommerce ma\u011fazalar\u0131 i\u00e7in en geli\u015fmi\u015f kargo eklentisidir ve kargo maliyetlerini a\u011f\u0131rl\u0131k ve\/veya sepet toplam\u0131na g\u00f6re hesaplaman\u0131za olanak tan\u0131r. PRO s\u00fcr\u00fcm\u00fc ile birle\u015ftirdi\u011finizde ihtiyac\u0131n\u0131z olan tek WooCommerce kargo eklentisi haline gelecektir.<\/p>\n","protected":false},"featured_media":13151,"comment_status":"open","ping_status":"closed","template":"","meta":[],"product_brand":[],"product_cat":[1413],"product_tag":[2122,2123,2125,2126],"class_list":{"0":"post-13946","1":"product","2":"type-product","3":"status-publish","4":"has-post-thumbnail","6":"product_cat-eklentiler","7":"product_tag-gelismis-gonderim","8":"product_tag-tablo-orani-gonderim","9":"product_tag-woocommerce-nakliye","10":"product_tag-woocommerce-tablo-ucreti-nakliye","12":"first","13":"instock","14":"downloadable","15":"virtual","16":"product-type-simple"},"_links":{"self":[{"href":"https:\/\/hexexist.com\/tr\/wp-json\/wp\/v2\/product\/13946","targetHints":{"allow":["GET"]}}],"collection":[{"href":"https:\/\/hexexist.com\/tr\/wp-json\/wp\/v2\/product"}],"about":[{"href":"https:\/\/hexexist.com\/tr\/wp-json\/wp\/v2\/types\/product"}],"replies":[{"embeddable":true,"href":"https:\/\/hexexist.com\/tr\/wp-json\/wp\/v2\/comments?post=13946"}],"wp:featuredmedia":[{"embeddable":true,"href":"https:\/\/hexexist.com\/tr\/wp-json\/wp\/v2\/media\/13151"}],"wp:attachment":[{"href":"https:\/\/hexexist.com\/tr\/wp-json\/wp\/v2\/media?parent=13946"}],"wp:term":[{"taxonomy":"product_brand","embeddable":true,"href":"https:\/\/hexexist.com\/tr\/wp-json\/wp\/v2\/product_brand?post=13946"},{"taxonomy":"product_cat","embeddable":true,"href":"https:\/\/hexexist.com\/tr\/wp-json\/wp\/v2\/product_cat?post=13946"},{"taxonomy":"product_tag","embeddable":true,"href":"https:\/\/hexexist.com\/tr\/wp-json\/wp\/v2\/product_tag?post=13946"}],"curies":[{"name":"wp","href":"https:\/\/api.w.org\/{rel}","templated":true}]}}