{"id":13947,"date":"2025-10-09T09:50:14","date_gmt":"2025-10-09T09:50:14","guid":{"rendered":"http:\/\/hexexist.com\/product\/bbq-firewall-hizli-ve-guclu-guvenlik-duvari-guvenligi\/"},"modified":"2025-10-09T09:50:14","modified_gmt":"2025-10-09T09:50:14","slug":"bbq-firewall-hizli-ve-guclu-guvenlik-duvari-guvenligi","status":"publish","type":"product","link":"https:\/\/hexexist.com\/tr\/urun\/bbq-firewall-hizli-ve-guclu-guvenlik-duvari-guvenligi\/","title":{"rendered":"BBQ Firewall H\u0131zl\u0131 ve G\u00fc\u00e7l\u00fc G\u00fcvenlik Duvar\u0131 G\u00fcvenli\u011fi"},"content":{"rendered":"<p>\ud83d\udd25 Y\u00fckleyin, etkinle\u015ftirin ve bitti! \ud83d\udd25 WP&#8217;nin en h\u0131zl\u0131 g\u00fcvenlik duvar\u0131 eklentisinden g\u00fc\u00e7l\u00fc koruma. <\/p>\n","protected":false},"excerpt":{"rendered":"<p>\ud83d\udd25 Y\u00fckleyin, etkinle\u015ftirin ve bitti! \ud83d\udd25 WP&#8217;nin en h\u0131zl\u0131 g\u00fcvenlik duvar\u0131 eklentisinden g\u00fc\u00e7l\u00fc koruma.<\/p>\n","protected":false},"featured_media":13146,"comment_status":"open","ping_status":"closed","template":"","meta":[],"product_brand":[],"product_cat":[1413],"product_tag":[2127,2128,1455,1456,2124],"class_list":{"0":"post-13947","1":"product","2":"type-product","3":"status-publish","4":"has-post-thumbnail","6":"product_cat-eklentiler","7":"product_tag-botlar","8":"product_tag-guvenli","9":"product_tag-guvenlik","10":"product_tag-guvenlik-duvari","11":"product_tag-web-uygulamasi-guvenlik-duvari","13":"first","14":"instock","15":"downloadable","16":"virtual","17":"product-type-simple"},"_links":{"self":[{"href":"https:\/\/hexexist.com\/tr\/wp-json\/wp\/v2\/product\/13947","targetHints":{"allow":["GET"]}}],"collection":[{"href":"https:\/\/hexexist.com\/tr\/wp-json\/wp\/v2\/product"}],"about":[{"href":"https:\/\/hexexist.com\/tr\/wp-json\/wp\/v2\/types\/product"}],"replies":[{"embeddable":true,"href":"https:\/\/hexexist.com\/tr\/wp-json\/wp\/v2\/comments?post=13947"}],"wp:featuredmedia":[{"embeddable":true,"href":"https:\/\/hexexist.com\/tr\/wp-json\/wp\/v2\/media\/13146"}],"wp:attachment":[{"href":"https:\/\/hexexist.com\/tr\/wp-json\/wp\/v2\/media?parent=13947"}],"wp:term":[{"taxonomy":"product_brand","embeddable":true,"href":"https:\/\/hexexist.com\/tr\/wp-json\/wp\/v2\/product_brand?post=13947"},{"taxonomy":"product_cat","embeddable":true,"href":"https:\/\/hexexist.com\/tr\/wp-json\/wp\/v2\/product_cat?post=13947"},{"taxonomy":"product_tag","embeddable":true,"href":"https:\/\/hexexist.com\/tr\/wp-json\/wp\/v2\/product_tag?post=13947"}],"curies":[{"name":"wp","href":"https:\/\/api.w.org\/{rel}","templated":true}]}}