{"id":13948,"date":"2025-10-09T09:50:14","date_gmt":"2025-10-09T09:50:14","guid":{"rendered":"http:\/\/hexexist.com\/product\/crowdsignal-formlari\/"},"modified":"2025-10-09T09:50:14","modified_gmt":"2025-10-09T09:50:14","slug":"crowdsignal-formlari","status":"publish","type":"product","link":"https:\/\/hexexist.com\/tr\/urun\/crowdsignal-formlari\/","title":{"rendered":"Crowdsignal Formlar\u0131"},"content":{"rendered":"<p>Crowdsignal Forms eklentisi, do\u011frudan blok d\u00fczenleyicinin i\u00e7inden anketler olu\u015fturman\u0131za ve y\u00f6netmenize olanak tan\u0131r. Anket olu\u015fturmak, madde i\u015faretli bir liste yazmak kadar basit ve h\u0131zl\u0131d\u0131r. Art\u0131k g\u00f6mme bloklar\u0131 ve kopyalama yap\u0131\u015ft\u0131rma gerekmiyor.  <\/p>\n","protected":false},"excerpt":{"rendered":"<p>Crowdsignal Forms eklentisi, do\u011frudan blok d\u00fczenleyicinin i\u00e7inden anketler olu\u015fturman\u0131za ve y\u00f6netmenize olanak tan\u0131r. Anket olu\u015fturmak, madde i\u015faretli bir liste yazmak kadar basit ve h\u0131zl\u0131d\u0131r. Art\u0131k g\u00f6mme bloklar\u0131 ve kopyalama yap\u0131\u015ft\u0131rma gerekmiyor.<\/p>\n","protected":false},"featured_media":13150,"comment_status":"open","ping_status":"closed","template":"","meta":[],"product_brand":[],"product_cat":[1413],"product_tag":[2129,2132,1773,1528,1526],"class_list":{"0":"post-13948","1":"product","2":"type-product","3":"status-publish","4":"has-post-thumbnail","6":"product_cat-eklentiler","7":"product_tag-anketler","8":"product_tag-anketler-tr","9":"product_tag-block-tr","10":"product_tag-formlar","11":"product_tag-gutenberg-tr","13":"first","14":"instock","15":"downloadable","16":"virtual","17":"product-type-simple"},"_links":{"self":[{"href":"https:\/\/hexexist.com\/tr\/wp-json\/wp\/v2\/product\/13948","targetHints":{"allow":["GET"]}}],"collection":[{"href":"https:\/\/hexexist.com\/tr\/wp-json\/wp\/v2\/product"}],"about":[{"href":"https:\/\/hexexist.com\/tr\/wp-json\/wp\/v2\/types\/product"}],"replies":[{"embeddable":true,"href":"https:\/\/hexexist.com\/tr\/wp-json\/wp\/v2\/comments?post=13948"}],"wp:featuredmedia":[{"embeddable":true,"href":"https:\/\/hexexist.com\/tr\/wp-json\/wp\/v2\/media\/13150"}],"wp:attachment":[{"href":"https:\/\/hexexist.com\/tr\/wp-json\/wp\/v2\/media?parent=13948"}],"wp:term":[{"taxonomy":"product_brand","embeddable":true,"href":"https:\/\/hexexist.com\/tr\/wp-json\/wp\/v2\/product_brand?post=13948"},{"taxonomy":"product_cat","embeddable":true,"href":"https:\/\/hexexist.com\/tr\/wp-json\/wp\/v2\/product_cat?post=13948"},{"taxonomy":"product_tag","embeddable":true,"href":"https:\/\/hexexist.com\/tr\/wp-json\/wp\/v2\/product_tag?post=13948"}],"curies":[{"name":"wp","href":"https:\/\/api.w.org\/{rel}","templated":true}]}}