{"id":13949,"date":"2025-10-09T09:50:15","date_gmt":"2025-10-09T09:50:15","guid":{"rendered":"http:\/\/hexexist.com\/product\/gercek-cerez-afisi-gdpr-eprivacy-cerez-onayi\/"},"modified":"2025-10-09T09:50:15","modified_gmt":"2025-10-09T09:50:15","slug":"gercek-cerez-afisi-gdpr-eprivacy-cerez-onayi","status":"publish","type":"product","link":"https:\/\/hexexist.com\/tr\/urun\/gercek-cerez-afisi-gdpr-eprivacy-cerez-onayi\/","title":{"rendered":"Ger\u00e7ek \u00c7erez Afi\u015fi: GDPR &amp; ePrivacy \u00c7erez Onay\u0131"},"content":{"rendered":"<p>WordPress web siteniz i\u00e7in \u00c7erez Banner&#8217;\u0131 ve \u0130zin Y\u00f6netimi yasal olarak uyumlu olmak i\u00e7in kolay<\/p>\n","protected":false},"excerpt":{"rendered":"<p>WordPress web siteniz i\u00e7in \u00c7erez Banner&#8217;\u0131 ve \u0130zin Y\u00f6netimi yasal olarak uyumlu olmak i\u00e7in kolay<\/p>\n","protected":false},"featured_media":13155,"comment_status":"open","ping_status":"closed","template":"","meta":[],"product_brand":[],"product_cat":[1413],"product_tag":[2130,1643,2131,1462,2049],"class_list":{"0":"post-13949","1":"product","2":"type-product","3":"status-publish","4":"has-post-thumbnail","6":"product_cat-eklentiler","7":"product_tag-cerez-eklentisi","8":"product_tag-cerez-onayi","9":"product_tag-eprivacy-tr","10":"product_tag-gdpr-tr","11":"product_tag-kurabiye-afisi","13":"first","14":"instock","15":"downloadable","16":"virtual","17":"product-type-simple"},"_links":{"self":[{"href":"https:\/\/hexexist.com\/tr\/wp-json\/wp\/v2\/product\/13949","targetHints":{"allow":["GET"]}}],"collection":[{"href":"https:\/\/hexexist.com\/tr\/wp-json\/wp\/v2\/product"}],"about":[{"href":"https:\/\/hexexist.com\/tr\/wp-json\/wp\/v2\/types\/product"}],"replies":[{"embeddable":true,"href":"https:\/\/hexexist.com\/tr\/wp-json\/wp\/v2\/comments?post=13949"}],"wp:featuredmedia":[{"embeddable":true,"href":"https:\/\/hexexist.com\/tr\/wp-json\/wp\/v2\/media\/13155"}],"wp:attachment":[{"href":"https:\/\/hexexist.com\/tr\/wp-json\/wp\/v2\/media?parent=13949"}],"wp:term":[{"taxonomy":"product_brand","embeddable":true,"href":"https:\/\/hexexist.com\/tr\/wp-json\/wp\/v2\/product_brand?post=13949"},{"taxonomy":"product_cat","embeddable":true,"href":"https:\/\/hexexist.com\/tr\/wp-json\/wp\/v2\/product_cat?post=13949"},{"taxonomy":"product_tag","embeddable":true,"href":"https:\/\/hexexist.com\/tr\/wp-json\/wp\/v2\/product_tag?post=13949"}],"curies":[{"name":"wp","href":"https:\/\/api.w.org\/{rel}","templated":true}]}}