{"id":13950,"date":"2025-10-09T09:50:15","date_gmt":"2025-10-09T09:50:15","guid":{"rendered":"http:\/\/hexexist.com\/product\/kategori-tabani-yok-wpml\/"},"modified":"2025-10-09T09:50:15","modified_gmt":"2025-10-09T09:50:15","slug":"kategori-tabani-yok-wpml","status":"publish","type":"product","link":"https:\/\/hexexist.com\/tr\/urun\/kategori-tabani-yok-wpml\/","title":{"rendered":"Kategori Taban\u0131 Yok (WPML)"},"content":{"rendered":"<p>Ad\u0131ndan da anla\u015f\u0131laca\u011f\u0131 gibi, bu eklenti kategori kal\u0131c\u0131 ba\u011flant\u0131lar\u0131n\u0131zdaki zorunlu ?Category Base&#8217; i tamamen kald\u0131racakt\u0131r (\u00f6rne\u011fin ?mysite.com\/category\/my-category\/&#8217; yerine ?mysite.com\/my-category\/&#8217;).<\/p>\n","protected":false},"excerpt":{"rendered":"<p>Ad\u0131ndan da anla\u015f\u0131laca\u011f\u0131 gibi, bu eklenti kategori kal\u0131c\u0131 ba\u011flant\u0131lar\u0131n\u0131zdaki zorunlu ?Category Base&#8217; i tamamen kald\u0131racakt\u0131r (\u00f6rne\u011fin ?mysite.com\/category\/my-category\/&#8217; yerine ?mysite.com\/my-category\/&#8217;).<\/p>\n","protected":false},"featured_media":13154,"comment_status":"open","ping_status":"closed","template":"","meta":[],"product_brand":[],"product_cat":[1413],"product_tag":[2135,2133],"class_list":{"0":"post-13950","1":"product","2":"type-product","3":"status-publish","4":"has-post-thumbnail","6":"product_cat-eklentiler","7":"product_tag-kategori-sumuklubocegi","8":"product_tag-kategori-tabani","10":"first","11":"instock","12":"downloadable","13":"virtual","14":"product-type-simple"},"_links":{"self":[{"href":"https:\/\/hexexist.com\/tr\/wp-json\/wp\/v2\/product\/13950","targetHints":{"allow":["GET"]}}],"collection":[{"href":"https:\/\/hexexist.com\/tr\/wp-json\/wp\/v2\/product"}],"about":[{"href":"https:\/\/hexexist.com\/tr\/wp-json\/wp\/v2\/types\/product"}],"replies":[{"embeddable":true,"href":"https:\/\/hexexist.com\/tr\/wp-json\/wp\/v2\/comments?post=13950"}],"wp:featuredmedia":[{"embeddable":true,"href":"https:\/\/hexexist.com\/tr\/wp-json\/wp\/v2\/media\/13154"}],"wp:attachment":[{"href":"https:\/\/hexexist.com\/tr\/wp-json\/wp\/v2\/media?parent=13950"}],"wp:term":[{"taxonomy":"product_brand","embeddable":true,"href":"https:\/\/hexexist.com\/tr\/wp-json\/wp\/v2\/product_brand?post=13950"},{"taxonomy":"product_cat","embeddable":true,"href":"https:\/\/hexexist.com\/tr\/wp-json\/wp\/v2\/product_cat?post=13950"},{"taxonomy":"product_tag","embeddable":true,"href":"https:\/\/hexexist.com\/tr\/wp-json\/wp\/v2\/product_tag?post=13950"}],"curies":[{"name":"wp","href":"https:\/\/api.w.org\/{rel}","templated":true}]}}