{"id":13951,"date":"2025-10-09T09:50:14","date_gmt":"2025-10-09T09:50:14","guid":{"rendered":"http:\/\/hexexist.com\/product\/cookieadmin-cerez-onayi-banneri\/"},"modified":"2025-10-09T09:50:14","modified_gmt":"2025-10-09T09:50:14","slug":"cookieadmin-cerez-onayi-banneri","status":"publish","type":"product","link":"https:\/\/hexexist.com\/tr\/urun\/cookieadmin-cerez-onayi-banneri\/","title":{"rendered":"CookieAdmin \u00c7erez Onay\u0131 Banner&#8217;\u0131"},"content":{"rendered":"<p>CookieAdmin, ziyaret\u00e7ilerinizin hangi \u00e7erezleri kullanmak istediklerini se\u00e7meleri i\u00e7in web sitenizde ki\u015fiselle\u015ftirilmi\u015f bir banner g\u00f6r\u00fcnt\u00fclemenize olanak tan\u0131yan Hafif, Bloat i\u00e7ermeyen ve kullan\u0131m\u0131 kolay bir \u00c7erez onay\u0131 banner eklentisidir.<\/p>\n","protected":false},"excerpt":{"rendered":"<p>CookieAdmin, ziyaret\u00e7ilerinizin hangi \u00e7erezleri kullanmak istediklerini se\u00e7meleri i\u00e7in web sitenizde ki\u015fiselle\u015ftirilmi\u015f bir banner g\u00f6r\u00fcnt\u00fclemenize olanak tan\u0131yan Hafif, Bloat i\u00e7ermeyen ve kullan\u0131m\u0131 kolay bir \u00c7erez onay\u0131 banner eklentisidir.<\/p>\n","protected":false},"featured_media":13149,"comment_status":"open","ping_status":"closed","template":"","meta":[],"product_brand":[],"product_cat":[1413],"product_tag":[2134,2136,1462,1460,1464],"class_list":{"0":"post-13951","1":"product","2":"type-product","3":"status-publish","4":"has-post-thumbnail","6":"product_cat-eklentiler","7":"product_tag-afis","8":"product_tag-bildirim-tr","9":"product_tag-gdpr-tr","10":"product_tag-kurabiye","11":"product_tag-riza","13":"first","14":"instock","15":"downloadable","16":"virtual","17":"product-type-simple"},"_links":{"self":[{"href":"https:\/\/hexexist.com\/tr\/wp-json\/wp\/v2\/product\/13951","targetHints":{"allow":["GET"]}}],"collection":[{"href":"https:\/\/hexexist.com\/tr\/wp-json\/wp\/v2\/product"}],"about":[{"href":"https:\/\/hexexist.com\/tr\/wp-json\/wp\/v2\/types\/product"}],"replies":[{"embeddable":true,"href":"https:\/\/hexexist.com\/tr\/wp-json\/wp\/v2\/comments?post=13951"}],"wp:featuredmedia":[{"embeddable":true,"href":"https:\/\/hexexist.com\/tr\/wp-json\/wp\/v2\/media\/13149"}],"wp:attachment":[{"href":"https:\/\/hexexist.com\/tr\/wp-json\/wp\/v2\/media?parent=13951"}],"wp:term":[{"taxonomy":"product_brand","embeddable":true,"href":"https:\/\/hexexist.com\/tr\/wp-json\/wp\/v2\/product_brand?post=13951"},{"taxonomy":"product_cat","embeddable":true,"href":"https:\/\/hexexist.com\/tr\/wp-json\/wp\/v2\/product_cat?post=13951"},{"taxonomy":"product_tag","embeddable":true,"href":"https:\/\/hexexist.com\/tr\/wp-json\/wp\/v2\/product_tag?post=13951"}],"curies":[{"name":"wp","href":"https:\/\/api.w.org\/{rel}","templated":true}]}}