{"id":13952,"date":"2025-10-09T09:50:15","date_gmt":"2025-10-09T09:50:15","guid":{"rendered":"http:\/\/hexexist.com\/product\/nginx-yardimcisi\/"},"modified":"2025-10-09T09:50:15","modified_gmt":"2025-10-09T09:50:15","slug":"nginx-yardimcisi","status":"publish","type":"product","link":"https:\/\/hexexist.com\/tr\/urun\/nginx-yardimcisi\/","title":{"rendered":"Nginx Yard\u0131mc\u0131s\u0131"},"content":{"rendered":"<p>\u0130stedi\u011finiz i\u015flevselli\u011fi elde etmek i\u00e7in a\u015fa\u011f\u0131daki bir veya daha fazla \u00f6\u011freticiyi izlemeniz gerekecektir:<\/p>\n","protected":false},"excerpt":{"rendered":"<p>\u0130stedi\u011finiz i\u015flevselli\u011fi elde etmek i\u00e7in a\u015fa\u011f\u0131daki bir veya daha fazla \u00f6\u011freticiyi izlemeniz gerekecektir:<\/p>\n","protected":false},"featured_media":13153,"comment_status":"open","ping_status":"closed","template":"","meta":[],"product_brand":[],"product_cat":[1413],"product_tag":[2141,2137,2139,1966],"class_list":{"0":"post-13952","1":"product","2":"type-product","3":"status-publish","4":"has-post-thumbnail","6":"product_cat-eklentiler","7":"product_tag-fastcgi-tr","8":"product_tag-nginx-tr","9":"product_tag-onbellek-temizleme","10":"product_tag-permalinks-tr","12":"first","13":"instock","14":"downloadable","15":"virtual","16":"product-type-simple"},"_links":{"self":[{"href":"https:\/\/hexexist.com\/tr\/wp-json\/wp\/v2\/product\/13952","targetHints":{"allow":["GET"]}}],"collection":[{"href":"https:\/\/hexexist.com\/tr\/wp-json\/wp\/v2\/product"}],"about":[{"href":"https:\/\/hexexist.com\/tr\/wp-json\/wp\/v2\/types\/product"}],"replies":[{"embeddable":true,"href":"https:\/\/hexexist.com\/tr\/wp-json\/wp\/v2\/comments?post=13952"}],"wp:featuredmedia":[{"embeddable":true,"href":"https:\/\/hexexist.com\/tr\/wp-json\/wp\/v2\/media\/13153"}],"wp:attachment":[{"href":"https:\/\/hexexist.com\/tr\/wp-json\/wp\/v2\/media?parent=13952"}],"wp:term":[{"taxonomy":"product_brand","embeddable":true,"href":"https:\/\/hexexist.com\/tr\/wp-json\/wp\/v2\/product_brand?post=13952"},{"taxonomy":"product_cat","embeddable":true,"href":"https:\/\/hexexist.com\/tr\/wp-json\/wp\/v2\/product_cat?post=13952"},{"taxonomy":"product_tag","embeddable":true,"href":"https:\/\/hexexist.com\/tr\/wp-json\/wp\/v2\/product_tag?post=13952"}],"curies":[{"name":"wp","href":"https:\/\/api.w.org\/{rel}","templated":true}]}}