{"id":13953,"date":"2025-10-09T09:50:14","date_gmt":"2025-10-09T09:50:14","guid":{"rendered":"http:\/\/hexexist.com\/product\/yonetici-sutunlari\/"},"modified":"2025-10-09T09:50:14","modified_gmt":"2025-10-09T09:50:14","slug":"yonetici-sutunlari","status":"publish","type":"product","link":"https:\/\/hexexist.com\/tr\/urun\/yonetici-sutunlari\/","title":{"rendered":"Y\u00f6netici S\u00fctunlar\u0131"},"content":{"rendered":"<p>WordPress y\u00f6netici panelindeki yaz\u0131lar, kullan\u0131c\u0131lar, yorumlar ve medya listelerindeki s\u00fctunlar\u0131 y\u00f6netin ve d\u00fczenleyin. WordPress y\u00f6netici ekranlar\u0131n\u0131 g\u00fczel, net genel bak\u0131\u015flara d\u00f6n\u00fc\u015ft\u00fcr\u00fcn. <\/p>\n","protected":false},"excerpt":{"rendered":"<p>WordPress y\u00f6netici panelindeki yaz\u0131lar, kullan\u0131c\u0131lar, yorumlar ve medya listelerindeki s\u00fctunlar\u0131 y\u00f6netin ve d\u00fczenleyin. WordPress y\u00f6netici ekranlar\u0131n\u0131 g\u00fczel, net genel bak\u0131\u015flara d\u00f6n\u00fc\u015ft\u00fcr\u00fcn.<\/p>\n","protected":false},"featured_media":13148,"comment_status":"open","ping_status":"closed","template":"","meta":[],"product_brand":[],"product_cat":[1413],"product_tag":[1610,1611,2140,2138,1444],"class_list":{"0":"post-13953","1":"product","2":"type-product","3":"status-publish","4":"has-post-thumbnail","6":"product_cat-eklentiler","7":"product_tag-masa","8":"product_tag-masalar","9":"product_tag-sutun","10":"product_tag-sutunlar","11":"product_tag-yonetici","13":"first","14":"instock","15":"downloadable","16":"virtual","17":"product-type-simple"},"_links":{"self":[{"href":"https:\/\/hexexist.com\/tr\/wp-json\/wp\/v2\/product\/13953","targetHints":{"allow":["GET"]}}],"collection":[{"href":"https:\/\/hexexist.com\/tr\/wp-json\/wp\/v2\/product"}],"about":[{"href":"https:\/\/hexexist.com\/tr\/wp-json\/wp\/v2\/types\/product"}],"replies":[{"embeddable":true,"href":"https:\/\/hexexist.com\/tr\/wp-json\/wp\/v2\/comments?post=13953"}],"wp:featuredmedia":[{"embeddable":true,"href":"https:\/\/hexexist.com\/tr\/wp-json\/wp\/v2\/media\/13148"}],"wp:attachment":[{"href":"https:\/\/hexexist.com\/tr\/wp-json\/wp\/v2\/media?parent=13953"}],"wp:term":[{"taxonomy":"product_brand","embeddable":true,"href":"https:\/\/hexexist.com\/tr\/wp-json\/wp\/v2\/product_brand?post=13953"},{"taxonomy":"product_cat","embeddable":true,"href":"https:\/\/hexexist.com\/tr\/wp-json\/wp\/v2\/product_cat?post=13953"},{"taxonomy":"product_tag","embeddable":true,"href":"https:\/\/hexexist.com\/tr\/wp-json\/wp\/v2\/product_tag?post=13953"}],"curies":[{"name":"wp","href":"https:\/\/api.w.org\/{rel}","templated":true}]}}