{"id":13954,"date":"2025-10-09T09:50:17","date_gmt":"2025-10-09T09:50:17","guid":{"rendered":"http:\/\/hexexist.com\/product\/youtube-gallery-livestream-ve-facades-ile-tembel-yukleme-icin-embed-plus\/"},"modified":"2025-10-09T09:50:17","modified_gmt":"2025-10-09T09:50:17","slug":"youtube-gallery-livestream-ve-facades-ile-tembel-yukleme-icin-embed-plus","status":"publish","type":"product","link":"https:\/\/hexexist.com\/tr\/urun\/youtube-gallery-livestream-ve-facades-ile-tembel-yukleme-icin-embed-plus\/","title":{"rendered":"YouTube Gallery, Livestream ve Facades ile Tembel Y\u00fckleme i\u00e7in Embed Plus"},"content":{"rendered":"<p>YouTube&#8217;u WordPress&#8217;e yerle\u015ftirmek i\u00e7in \u00e7ok \u00f6zellikli bir eklenti. Bir YouTube galerisini (kanal veya oynatma listesi), YouTube canl\u0131 yay\u0131n\u0131n\u0131 (ve pr\u00f6miyerini), YouTube k\u0131sa veya standart YouTube videosunu g\u00f6mmek ve \u00f6zelle\u015ftirmek i\u00e7in bu eklentiyi kullan\u0131n. YouTube i\u00e7in bu eklenti \u00e7ok \u00e7e\u015fitli \u015fekillerde \u00f6zelle\u015ftirilebilir. Eklenti ayr\u0131ca, k\u00fc\u00e7\u00fclt\u00fclm\u00fc\u015f CSS ve JavaScript sunarken bir cephe ile tembel y\u00fckleme ve JavaScript&#8217;i erteleme yetene\u011fi ile performansa odaklan\u0131r. \u0130\u015fte bu eklentinin t\u00fcm s\u00fcr\u00fcmlerine (\u00fccretsiz ve Pro) yak\u0131n zamanda eklenen birka\u00e7 \u00f6zellik:    <\/p>\n","protected":false},"excerpt":{"rendered":"<p>YouTube&#8217;u WordPress&#8217;e yerle\u015ftirmek i\u00e7in \u00e7ok \u00f6zellikli bir eklenti. Bir YouTube galerisini (kanal veya oynatma listesi), YouTube canl\u0131 yay\u0131n\u0131n\u0131 (ve pr\u00f6miyerini), YouTube k\u0131sa veya standart YouTube videosunu g\u00f6mmek ve \u00f6zelle\u015ftirmek i\u00e7in bu eklentiyi kullan\u0131n. YouTube i\u00e7in bu eklenti \u00e7ok \u00e7e\u015fitli \u015fekillerde \u00f6zelle\u015ftirilebilir. Eklenti ayr\u0131ca, k\u00fc\u00e7\u00fclt\u00fclm\u00fc\u015f CSS ve JavaScript sunarken bir cephe ile tembel y\u00fckleme ve JavaScript&#8217;i [&hellip;]<\/p>\n","protected":false},"featured_media":13164,"comment_status":"open","ping_status":"closed","template":"","meta":[],"product_brand":[],"product_cat":[1413],"product_tag":[1820,2143,2147,2146,2144],"class_list":{"0":"post-13954","1":"product","2":"type-product","3":"status-publish","4":"has-post-thumbnail","6":"product_cat-eklentiler","7":"product_tag-tembel-yuk","8":"product_tag-youtube-tr","9":"product_tag-youtube-canli-yayini","10":"product_tag-youtube-galerisi","11":"product_tag-youtube-kanali","13":"first","14":"instock","15":"downloadable","16":"virtual","17":"product-type-simple"},"_links":{"self":[{"href":"https:\/\/hexexist.com\/tr\/wp-json\/wp\/v2\/product\/13954","targetHints":{"allow":["GET"]}}],"collection":[{"href":"https:\/\/hexexist.com\/tr\/wp-json\/wp\/v2\/product"}],"about":[{"href":"https:\/\/hexexist.com\/tr\/wp-json\/wp\/v2\/types\/product"}],"replies":[{"embeddable":true,"href":"https:\/\/hexexist.com\/tr\/wp-json\/wp\/v2\/comments?post=13954"}],"wp:featuredmedia":[{"embeddable":true,"href":"https:\/\/hexexist.com\/tr\/wp-json\/wp\/v2\/media\/13164"}],"wp:attachment":[{"href":"https:\/\/hexexist.com\/tr\/wp-json\/wp\/v2\/media?parent=13954"}],"wp:term":[{"taxonomy":"product_brand","embeddable":true,"href":"https:\/\/hexexist.com\/tr\/wp-json\/wp\/v2\/product_brand?post=13954"},{"taxonomy":"product_cat","embeddable":true,"href":"https:\/\/hexexist.com\/tr\/wp-json\/wp\/v2\/product_cat?post=13954"},{"taxonomy":"product_tag","embeddable":true,"href":"https:\/\/hexexist.com\/tr\/wp-json\/wp\/v2\/product_tag?post=13954"}],"curies":[{"name":"wp","href":"https:\/\/api.w.org\/{rel}","templated":true}]}}