{"id":13955,"date":"2025-10-09T09:50:15","date_gmt":"2025-10-09T09:50:15","guid":{"rendered":"http:\/\/hexexist.com\/product\/jetpack-protect\/"},"modified":"2025-10-09T09:50:15","modified_gmt":"2025-10-09T09:50:15","slug":"jetpack-protect","status":"publish","type":"product","link":"https:\/\/hexexist.com\/tr\/urun\/jetpack-protect\/","title":{"rendered":"Jetpack Protect"},"content":{"rendered":"<p>WPScan (bir Automattic markas\u0131) ve 60.000&#8217;den fazla g\u00fcvenlik a\u00e7\u0131\u011f\u0131 veritaban\u0131 taraf\u0131ndan desteklenen \u00fccretsiz g\u00fcnl\u00fck g\u00fcvenlik a\u00e7\u0131\u011f\u0131 taramalar\u0131 ve WordPress g\u00fcvenli\u011fi. Kuruluma gerek yok! <\/p>\n","protected":false},"excerpt":{"rendered":"<p>WPScan (bir Automattic markas\u0131) ve 60.000&#8217;den fazla g\u00fcvenlik a\u00e7\u0131\u011f\u0131 veritaban\u0131 taraf\u0131ndan desteklenen \u00fccretsiz g\u00fcnl\u00fck g\u00fcvenlik a\u00e7\u0131\u011f\u0131 taramalar\u0131 ve WordPress g\u00fcvenli\u011fi. Kuruluma gerek yok!<\/p>\n","protected":false},"featured_media":13152,"comment_status":"open","ping_status":"closed","template":"","meta":[],"product_brand":[],"product_cat":[1413],"product_tag":[1455,2145,1428,1454,2142],"class_list":{"0":"post-13955","1":"product","2":"type-product","3":"status-publish","4":"has-post-thumbnail","6":"product_cat-eklentiler","7":"product_tag-guvenlik","8":"product_tag-jetpack-tr","9":"product_tag-korumak","10":"product_tag-kotu-amacli-yazilim","11":"product_tag-tarama","13":"first","14":"instock","15":"downloadable","16":"virtual","17":"product-type-simple"},"_links":{"self":[{"href":"https:\/\/hexexist.com\/tr\/wp-json\/wp\/v2\/product\/13955","targetHints":{"allow":["GET"]}}],"collection":[{"href":"https:\/\/hexexist.com\/tr\/wp-json\/wp\/v2\/product"}],"about":[{"href":"https:\/\/hexexist.com\/tr\/wp-json\/wp\/v2\/types\/product"}],"replies":[{"embeddable":true,"href":"https:\/\/hexexist.com\/tr\/wp-json\/wp\/v2\/comments?post=13955"}],"wp:featuredmedia":[{"embeddable":true,"href":"https:\/\/hexexist.com\/tr\/wp-json\/wp\/v2\/media\/13152"}],"wp:attachment":[{"href":"https:\/\/hexexist.com\/tr\/wp-json\/wp\/v2\/media?parent=13955"}],"wp:term":[{"taxonomy":"product_brand","embeddable":true,"href":"https:\/\/hexexist.com\/tr\/wp-json\/wp\/v2\/product_brand?post=13955"},{"taxonomy":"product_cat","embeddable":true,"href":"https:\/\/hexexist.com\/tr\/wp-json\/wp\/v2\/product_cat?post=13955"},{"taxonomy":"product_tag","embeddable":true,"href":"https:\/\/hexexist.com\/tr\/wp-json\/wp\/v2\/product_tag?post=13955"}],"curies":[{"name":"wp","href":"https:\/\/api.w.org\/{rel}","templated":true}]}}