{"id":13956,"date":"2025-10-09T09:50:16","date_gmt":"2025-10-09T09:50:16","guid":{"rendered":"http:\/\/hexexist.com\/product\/basit-ozel-css-eklentisi\/"},"modified":"2025-10-09T09:50:16","modified_gmt":"2025-10-09T09:50:16","slug":"basit-ozel-css-eklentisi","status":"publish","type":"product","link":"https:\/\/hexexist.com\/tr\/urun\/basit-ozel-css-eklentisi\/","title":{"rendered":"Basit \u00d6zel CSS Eklentisi"},"content":{"rendered":"<p>WordPress sitenize sorunsuz bir \u015fekilde \u00d6zel CSS ekleyin.<\/p>\n","protected":false},"excerpt":{"rendered":"<p>WordPress sitenize sorunsuz bir \u015fekilde \u00d6zel CSS ekleyin.<\/p>\n","protected":false},"featured_media":13158,"comment_status":"open","ping_status":"closed","template":"","meta":[],"product_brand":[],"product_cat":[1413],"product_tag":[1522,1808,2148,1523,2149],"class_list":{"0":"post-13956","1":"product","2":"type-product","3":"status-publish","4":"has-post-thumbnail","6":"product_cat-eklentiler","7":"product_tag-css-tr","8":"product_tag-kod","9":"product_tag-ozel","10":"product_tag-ozel-css","11":"product_tag-stilleri","13":"first","14":"instock","15":"downloadable","16":"virtual","17":"product-type-simple"},"_links":{"self":[{"href":"https:\/\/hexexist.com\/tr\/wp-json\/wp\/v2\/product\/13956","targetHints":{"allow":["GET"]}}],"collection":[{"href":"https:\/\/hexexist.com\/tr\/wp-json\/wp\/v2\/product"}],"about":[{"href":"https:\/\/hexexist.com\/tr\/wp-json\/wp\/v2\/types\/product"}],"replies":[{"embeddable":true,"href":"https:\/\/hexexist.com\/tr\/wp-json\/wp\/v2\/comments?post=13956"}],"wp:featuredmedia":[{"embeddable":true,"href":"https:\/\/hexexist.com\/tr\/wp-json\/wp\/v2\/media\/13158"}],"wp:attachment":[{"href":"https:\/\/hexexist.com\/tr\/wp-json\/wp\/v2\/media?parent=13956"}],"wp:term":[{"taxonomy":"product_brand","embeddable":true,"href":"https:\/\/hexexist.com\/tr\/wp-json\/wp\/v2\/product_brand?post=13956"},{"taxonomy":"product_cat","embeddable":true,"href":"https:\/\/hexexist.com\/tr\/wp-json\/wp\/v2\/product_cat?post=13956"},{"taxonomy":"product_tag","embeddable":true,"href":"https:\/\/hexexist.com\/tr\/wp-json\/wp\/v2\/product_tag?post=13956"}],"curies":[{"name":"wp","href":"https:\/\/api.w.org\/{rel}","templated":true}]}}