{"id":13959,"date":"2025-10-09T09:50:17","date_gmt":"2025-10-09T09:50:17","guid":{"rendered":"http:\/\/hexexist.com\/product\/google-yorumlari-icin-zengin-kisa-kodlar\/"},"modified":"2025-10-09T09:50:17","modified_gmt":"2025-10-09T09:50:17","slug":"google-yorumlari-icin-zengin-kisa-kodlar","status":"publish","type":"product","link":"https:\/\/hexexist.com\/tr\/urun\/google-yorumlari-icin-zengin-kisa-kodlar\/","title":{"rendered":"Google Yorumlar\u0131 i\u00e7in Zengin K\u0131sa Kodlar"},"content":{"rendered":"<p>Bu eklenti, 10 adede kadar Google Business incelemesini g\u00f6r\u00fcnt\u00fclemenize ve bunlar\u0131 WordPress web sitenizde an\u0131nda g\u00f6stermenize olanak tan\u0131r. Kurulum i\u015flemi son derece basittir ve bir dakikadan az s\u00fcrer.<\/p>\n","protected":false},"excerpt":{"rendered":"<p>Bu eklenti, 10 adede kadar Google Business incelemesini g\u00f6r\u00fcnt\u00fclemenize ve bunlar\u0131 WordPress web sitenizde an\u0131nda g\u00f6stermenize olanak tan\u0131r. Kurulum i\u015flemi son derece basittir ve bir dakikadan az s\u00fcrer.<\/p>\n","protected":false},"featured_media":13162,"comment_status":"open","ping_status":"closed","template":"","meta":[],"product_brand":[],"product_cat":[1413],"product_tag":[2155,1502,2154,1948,1946],"class_list":{"0":"post-13959","1":"product","2":"type-product","3":"status-publish","4":"has-post-thumbnail","6":"product_cat-eklentiler","7":"product_tag-derecelendirme","8":"product_tag-google-tr","9":"product_tag-google-yerler-incelemeleri","10":"product_tag-google-yorumlari","11":"product_tag-yorumlar-tr","13":"first","14":"instock","15":"downloadable","16":"virtual","17":"product-type-simple"},"_links":{"self":[{"href":"https:\/\/hexexist.com\/tr\/wp-json\/wp\/v2\/product\/13959","targetHints":{"allow":["GET"]}}],"collection":[{"href":"https:\/\/hexexist.com\/tr\/wp-json\/wp\/v2\/product"}],"about":[{"href":"https:\/\/hexexist.com\/tr\/wp-json\/wp\/v2\/types\/product"}],"replies":[{"embeddable":true,"href":"https:\/\/hexexist.com\/tr\/wp-json\/wp\/v2\/comments?post=13959"}],"wp:featuredmedia":[{"embeddable":true,"href":"https:\/\/hexexist.com\/tr\/wp-json\/wp\/v2\/media\/13162"}],"wp:attachment":[{"href":"https:\/\/hexexist.com\/tr\/wp-json\/wp\/v2\/media?parent=13959"}],"wp:term":[{"taxonomy":"product_brand","embeddable":true,"href":"https:\/\/hexexist.com\/tr\/wp-json\/wp\/v2\/product_brand?post=13959"},{"taxonomy":"product_cat","embeddable":true,"href":"https:\/\/hexexist.com\/tr\/wp-json\/wp\/v2\/product_cat?post=13959"},{"taxonomy":"product_tag","embeddable":true,"href":"https:\/\/hexexist.com\/tr\/wp-json\/wp\/v2\/product_tag?post=13959"}],"curies":[{"name":"wp","href":"https:\/\/api.w.org\/{rel}","templated":true}]}}