{"id":13960,"date":"2025-10-09T09:50:16","date_gmt":"2025-10-09T09:50:16","guid":{"rendered":"http:\/\/hexexist.com\/product\/ara-ve-degistir\/"},"modified":"2025-10-09T09:50:16","modified_gmt":"2025-10-09T09:50:16","slug":"ara-ve-degistir","status":"publish","type":"product","link":"https:\/\/hexexist.com\/tr\/urun\/ara-ve-degistir\/","title":{"rendered":"Ara ve De\u011fi\u015ftir"},"content":{"rendered":"<p>Search &amp; Replace ile her \u015feyi arayabilir ve bunu her \u015feyle de\u011fi\u015ftirebilirsiniz, ancak bunu yapmadan \u00f6nce kolayca basit bir veritaban\u0131 yede\u011fi olu\u015fturabilir ve geri y\u00fckleyebilirsiniz.<\/p>\n","protected":false},"excerpt":{"rendered":"<p>Search &amp; Replace ile her \u015feyi arayabilir ve bunu her \u015feyle de\u011fi\u015ftirebilirsiniz, ancak bunu yapmadan \u00f6nce kolayca basit bir veritaban\u0131 yede\u011fi olu\u015fturabilir ve geri y\u00fckleyebilirsiniz.<\/p>\n","protected":false},"featured_media":13156,"comment_status":"open","ping_status":"closed","template":"","meta":[],"product_brand":[],"product_cat":[1413],"product_tag":[1544,1542,1943,1691,2156],"class_list":{"0":"post-13960","1":"product","2":"type-product","3":"status-publish","4":"has-post-thumbnail","6":"product_cat-eklentiler","7":"product_tag-arama","8":"product_tag-degistirin","9":"product_tag-goc-etmek","10":"product_tag-ithalat","11":"product_tag-sql-tr","13":"first","14":"instock","15":"downloadable","16":"virtual","17":"product-type-simple"},"_links":{"self":[{"href":"https:\/\/hexexist.com\/tr\/wp-json\/wp\/v2\/product\/13960","targetHints":{"allow":["GET"]}}],"collection":[{"href":"https:\/\/hexexist.com\/tr\/wp-json\/wp\/v2\/product"}],"about":[{"href":"https:\/\/hexexist.com\/tr\/wp-json\/wp\/v2\/types\/product"}],"replies":[{"embeddable":true,"href":"https:\/\/hexexist.com\/tr\/wp-json\/wp\/v2\/comments?post=13960"}],"wp:featuredmedia":[{"embeddable":true,"href":"https:\/\/hexexist.com\/tr\/wp-json\/wp\/v2\/media\/13156"}],"wp:attachment":[{"href":"https:\/\/hexexist.com\/tr\/wp-json\/wp\/v2\/media?parent=13960"}],"wp:term":[{"taxonomy":"product_brand","embeddable":true,"href":"https:\/\/hexexist.com\/tr\/wp-json\/wp\/v2\/product_brand?post=13960"},{"taxonomy":"product_cat","embeddable":true,"href":"https:\/\/hexexist.com\/tr\/wp-json\/wp\/v2\/product_cat?post=13960"},{"taxonomy":"product_tag","embeddable":true,"href":"https:\/\/hexexist.com\/tr\/wp-json\/wp\/v2\/product_tag?post=13960"}],"curies":[{"name":"wp","href":"https:\/\/api.w.org\/{rel}","templated":true}]}}