{"id":13961,"date":"2025-10-09T09:50:17","date_gmt":"2025-10-09T09:50:17","guid":{"rendered":"http:\/\/hexexist.com\/product\/elementor-icin-arti-eklentiler-elementor-eklentileri-sayfa-sablonlari-widgetlar-mega-menu-woocommerce\/"},"modified":"2025-10-09T09:50:17","modified_gmt":"2025-10-09T09:50:17","slug":"elementor-icin-arti-eklentiler-elementor-eklentileri-sayfa-sablonlari-widgetlar-mega-menu-woocommerce","status":"publish","type":"product","link":"https:\/\/hexexist.com\/tr\/urun\/elementor-icin-arti-eklentiler-elementor-eklentileri-sayfa-sablonlari-widgetlar-mega-menu-woocommerce\/","title":{"rendered":"Elementor i\u00e7in Art\u0131 Eklentiler Elementor Eklentileri, Sayfa \u015eablonlar\u0131, Widget&#8217;lar, Mega Men\u00fc, WooCommerce"},"content":{"rendered":"<p>Elementor i\u00e7in Plus Eklentileri, 120+ G\u00fc\u00e7l\u00fc Widget ve Uzant\u0131, 1000+ Elementor \u015eablonu ile Elementor Web Sitesi Olu\u015fturucu i\u00e7in g\u00fc\u00e7l\u00fc bir uzant\u0131d\u0131r.<\/p>\n","protected":false},"excerpt":{"rendered":"<p>Elementor i\u00e7in Plus Eklentileri, 120+ G\u00fc\u00e7l\u00fc Widget ve Uzant\u0131, 1000+ Elementor \u015eablonu ile Elementor Web Sitesi Olu\u015fturucu i\u00e7in g\u00fc\u00e7l\u00fc bir uzant\u0131d\u0131r.<\/p>\n","protected":false},"featured_media":13161,"comment_status":"open","ping_status":"closed","template":"","meta":[],"product_brand":[],"product_cat":[1413],"product_tag":[1532,1537,2157,1539,1538],"class_list":{"0":"post-13961","1":"product","2":"type-product","3":"status-publish","4":"has-post-thumbnail","6":"product_cat-eklentiler","7":"product_tag-elementor-tr","8":"product_tag-elementor-eklentileri","9":"product_tag-elementor-icin-widgetlar","10":"product_tag-elementor-sablonlari","11":"product_tag-elementor-widgetlari","13":"first","14":"instock","15":"downloadable","16":"virtual","17":"product-type-simple"},"_links":{"self":[{"href":"https:\/\/hexexist.com\/tr\/wp-json\/wp\/v2\/product\/13961","targetHints":{"allow":["GET"]}}],"collection":[{"href":"https:\/\/hexexist.com\/tr\/wp-json\/wp\/v2\/product"}],"about":[{"href":"https:\/\/hexexist.com\/tr\/wp-json\/wp\/v2\/types\/product"}],"replies":[{"embeddable":true,"href":"https:\/\/hexexist.com\/tr\/wp-json\/wp\/v2\/comments?post=13961"}],"wp:featuredmedia":[{"embeddable":true,"href":"https:\/\/hexexist.com\/tr\/wp-json\/wp\/v2\/media\/13161"}],"wp:attachment":[{"href":"https:\/\/hexexist.com\/tr\/wp-json\/wp\/v2\/media?parent=13961"}],"wp:term":[{"taxonomy":"product_brand","embeddable":true,"href":"https:\/\/hexexist.com\/tr\/wp-json\/wp\/v2\/product_brand?post=13961"},{"taxonomy":"product_cat","embeddable":true,"href":"https:\/\/hexexist.com\/tr\/wp-json\/wp\/v2\/product_cat?post=13961"},{"taxonomy":"product_tag","embeddable":true,"href":"https:\/\/hexexist.com\/tr\/wp-json\/wp\/v2\/product_tag?post=13961"}],"curies":[{"name":"wp","href":"https:\/\/api.w.org\/{rel}","templated":true}]}}