{"id":13962,"date":"2025-10-09T09:50:17","date_gmt":"2025-10-09T09:50:17","guid":{"rendered":"http:\/\/hexexist.com\/product\/basit-isik-kutusu\/"},"modified":"2025-10-09T09:50:17","modified_gmt":"2025-10-09T09:50:17","slug":"basit-isik-kutusu","status":"publish","type":"product","link":"https:\/\/hexexist.com\/tr\/urun\/basit-isik-kutusu\/","title":{"rendered":"Basit I\u015f\u0131k Kutusu"},"content":{"rendered":"<p>Simple Lightbox, WordPress web sitenize eklenmesi kolay, \u00e7ok basit ve \u00f6zelle\u015ftirilebilir bir \u0131\u015f\u0131k kutusudur.<\/p>\n","protected":false},"excerpt":{"rendered":"<p>Simple Lightbox, WordPress web sitenize eklenmesi kolay, \u00e7ok basit ve \u00f6zelle\u015ftirilebilir bir \u0131\u015f\u0131k kutusudur.<\/p>\n","protected":false},"featured_media":13159,"comment_status":"open","ping_status":"closed","template":"","meta":[],"product_brand":[],"product_cat":[1413],"product_tag":[2158,1703,1596,2091,2029],"class_list":{"0":"post-13962","1":"product","2":"type-product","3":"status-publish","4":"has-post-thumbnail","6":"product_cat-eklentiler","7":"product_tag-fotografcilik","8":"product_tag-galeri","9":"product_tag-image-tr","10":"product_tag-isik-kutusu","11":"product_tag-slayt-gosterisi","13":"first","14":"instock","15":"downloadable","16":"virtual","17":"product-type-simple"},"_links":{"self":[{"href":"https:\/\/hexexist.com\/tr\/wp-json\/wp\/v2\/product\/13962","targetHints":{"allow":["GET"]}}],"collection":[{"href":"https:\/\/hexexist.com\/tr\/wp-json\/wp\/v2\/product"}],"about":[{"href":"https:\/\/hexexist.com\/tr\/wp-json\/wp\/v2\/types\/product"}],"replies":[{"embeddable":true,"href":"https:\/\/hexexist.com\/tr\/wp-json\/wp\/v2\/comments?post=13962"}],"wp:featuredmedia":[{"embeddable":true,"href":"https:\/\/hexexist.com\/tr\/wp-json\/wp\/v2\/media\/13159"}],"wp:attachment":[{"href":"https:\/\/hexexist.com\/tr\/wp-json\/wp\/v2\/media?parent=13962"}],"wp:term":[{"taxonomy":"product_brand","embeddable":true,"href":"https:\/\/hexexist.com\/tr\/wp-json\/wp\/v2\/product_brand?post=13962"},{"taxonomy":"product_cat","embeddable":true,"href":"https:\/\/hexexist.com\/tr\/wp-json\/wp\/v2\/product_cat?post=13962"},{"taxonomy":"product_tag","embeddable":true,"href":"https:\/\/hexexist.com\/tr\/wp-json\/wp\/v2\/product_tag?post=13962"}],"curies":[{"name":"wp","href":"https:\/\/api.w.org\/{rel}","templated":true}]}}