{"id":13963,"date":"2025-10-09T09:50:17","date_gmt":"2025-10-09T09:50:17","guid":{"rendered":"http:\/\/hexexist.com\/product\/statify\/"},"modified":"2025-10-09T09:50:17","modified_gmt":"2025-10-09T09:50:17","slug":"statify","status":"publish","type":"product","link":"https:\/\/hexexist.com\/tr\/urun\/statify\/","title":{"rendered":"Statify"},"content":{"rendered":"<p>Statify, site g\u00f6r\u00fcnt\u00fcleme say\u0131s\u0131na basit ve kompakt bir eri\u015fim sa\u011flar. Ne \u00e7erez ne de \u00fc\u00e7\u00fcnc\u00fc bir taraf kulland\u0131\u011f\u0131 i\u00e7in gizlilik dostudur. <\/p>\n","protected":false},"excerpt":{"rendered":"<p>Statify, site g\u00f6r\u00fcnt\u00fcleme say\u0131s\u0131na basit ve kompakt bir eri\u015fim sa\u011flar. Ne \u00e7erez ne de \u00fc\u00e7\u00fcnc\u00fc bir taraf kulland\u0131\u011f\u0131 i\u00e7in gizlilik dostudur.<\/p>\n","protected":false},"featured_media":13160,"comment_status":"open","ping_status":"closed","template":"","meta":[],"product_brand":[],"product_cat":[1413],"product_tag":[1550,1551,1680,2050,2159],"class_list":{"0":"post-13963","1":"product","2":"type-product","3":"status-publish","4":"has-post-thumbnail","6":"product_cat-eklentiler","7":"product_tag-analitik","8":"product_tag-istatistikler","9":"product_tag-istatistikler-tr","10":"product_tag-mahremiyet","11":"product_tag-sayfa-goruntuleme","13":"first","14":"instock","15":"downloadable","16":"virtual","17":"product-type-simple"},"_links":{"self":[{"href":"https:\/\/hexexist.com\/tr\/wp-json\/wp\/v2\/product\/13963","targetHints":{"allow":["GET"]}}],"collection":[{"href":"https:\/\/hexexist.com\/tr\/wp-json\/wp\/v2\/product"}],"about":[{"href":"https:\/\/hexexist.com\/tr\/wp-json\/wp\/v2\/types\/product"}],"replies":[{"embeddable":true,"href":"https:\/\/hexexist.com\/tr\/wp-json\/wp\/v2\/comments?post=13963"}],"wp:featuredmedia":[{"embeddable":true,"href":"https:\/\/hexexist.com\/tr\/wp-json\/wp\/v2\/media\/13160"}],"wp:attachment":[{"href":"https:\/\/hexexist.com\/tr\/wp-json\/wp\/v2\/media?parent=13963"}],"wp:term":[{"taxonomy":"product_brand","embeddable":true,"href":"https:\/\/hexexist.com\/tr\/wp-json\/wp\/v2\/product_brand?post=13963"},{"taxonomy":"product_cat","embeddable":true,"href":"https:\/\/hexexist.com\/tr\/wp-json\/wp\/v2\/product_cat?post=13963"},{"taxonomy":"product_tag","embeddable":true,"href":"https:\/\/hexexist.com\/tr\/wp-json\/wp\/v2\/product_tag?post=13963"}],"curies":[{"name":"wp","href":"https:\/\/api.w.org\/{rel}","templated":true}]}}