{"id":13964,"date":"2025-10-09T09:50:18","date_gmt":"2025-10-09T09:50:18","guid":{"rendered":"http:\/\/hexexist.com\/product\/youtube-icin-beslemeler-youtube-video-kanal-ve-galeri-eklentisi\/"},"modified":"2025-10-09T09:50:18","modified_gmt":"2025-10-09T09:50:18","slug":"youtube-icin-beslemeler-youtube-video-kanal-ve-galeri-eklentisi","status":"publish","type":"product","link":"https:\/\/hexexist.com\/tr\/urun\/youtube-icin-beslemeler-youtube-video-kanal-ve-galeri-eklentisi\/","title":{"rendered":"YouTube i\u00e7in beslemeler (YouTube video, kanal ve galeri eklentisi)"},"content":{"rendered":"<p>Web sitenizde \u00f6zelle\u015ftirilebilir YouTube kanal\u0131 beslemelerini g\u00f6r\u00fcnt\u00fcleyin. YouTube kanal i\u00e7eri\u011fini g\u00fc\u00e7l\u00fc ve \u00f6zelle\u015ftirilebilir bir galeride web sitenize otomatik olarak besleyin. <\/p>\n","protected":false},"excerpt":{"rendered":"<p>Web sitenizde \u00f6zelle\u015ftirilebilir YouTube kanal\u0131 beslemelerini g\u00f6r\u00fcnt\u00fcleyin. YouTube kanal i\u00e7eri\u011fini g\u00fc\u00e7l\u00fc ve \u00f6zelle\u015ftirilebilir bir galeride web sitenize otomatik olarak besleyin.<\/p>\n","protected":false},"featured_media":13171,"comment_status":"open","ping_status":"closed","template":"","meta":[],"product_brand":[],"product_cat":[1413],"product_tag":[2143,2146,2144,2162,2160],"class_list":{"0":"post-13964","1":"product","2":"type-product","3":"status-publish","4":"has-post-thumbnail","6":"product_cat-eklentiler","7":"product_tag-youtube-tr","8":"product_tag-youtube-galerisi","9":"product_tag-youtube-kanali","10":"product_tag-youtube-widgeti","11":"product_tag-youtube-yayini","13":"first","14":"instock","15":"downloadable","16":"virtual","17":"product-type-simple"},"_links":{"self":[{"href":"https:\/\/hexexist.com\/tr\/wp-json\/wp\/v2\/product\/13964","targetHints":{"allow":["GET"]}}],"collection":[{"href":"https:\/\/hexexist.com\/tr\/wp-json\/wp\/v2\/product"}],"about":[{"href":"https:\/\/hexexist.com\/tr\/wp-json\/wp\/v2\/types\/product"}],"replies":[{"embeddable":true,"href":"https:\/\/hexexist.com\/tr\/wp-json\/wp\/v2\/comments?post=13964"}],"wp:featuredmedia":[{"embeddable":true,"href":"https:\/\/hexexist.com\/tr\/wp-json\/wp\/v2\/media\/13171"}],"wp:attachment":[{"href":"https:\/\/hexexist.com\/tr\/wp-json\/wp\/v2\/media?parent=13964"}],"wp:term":[{"taxonomy":"product_brand","embeddable":true,"href":"https:\/\/hexexist.com\/tr\/wp-json\/wp\/v2\/product_brand?post=13964"},{"taxonomy":"product_cat","embeddable":true,"href":"https:\/\/hexexist.com\/tr\/wp-json\/wp\/v2\/product_cat?post=13964"},{"taxonomy":"product_tag","embeddable":true,"href":"https:\/\/hexexist.com\/tr\/wp-json\/wp\/v2\/product_tag?post=13964"}],"curies":[{"name":"wp","href":"https:\/\/api.w.org\/{rel}","templated":true}]}}