{"id":13966,"date":"2025-10-09T09:50:18","date_gmt":"2025-10-09T09:50:18","guid":{"rendered":"http:\/\/hexexist.com\/product\/usercentrics-cookiebot-gdpr-ccpa-ve-google-onay-modu-icin-otomatik-cerez-banneri\/"},"modified":"2025-10-09T09:50:18","modified_gmt":"2025-10-09T09:50:18","slug":"usercentrics-cookiebot-gdpr-ccpa-ve-google-onay-modu-icin-otomatik-cerez-banneri","status":"publish","type":"product","link":"https:\/\/hexexist.com\/tr\/urun\/usercentrics-cookiebot-gdpr-ccpa-ve-google-onay-modu-icin-otomatik-cerez-banneri\/","title":{"rendered":"Usercentrics Cookiebot GDPR\/CCPA ve Google Onay Modu i\u00e7in Otomatik \u00c7erez Banner&#8217;\u0131"},"content":{"rendered":"<p>Usercentrics Cookiebot CMP, WordPress i\u00e7in Google sertifikal\u0131 bir onay y\u00f6netim platformu (CMP) ve \u00e7erez onay\u0131\/banner \u00e7\u00f6z\u00fcm\u00fcd\u00fcr. Google Consent Mode v2 reklam teknolojisi gereksinimlerini kar\u015f\u0131larken GDPR, CCPA\/CPRA, LGPD ve di\u011fer gizlilik d\u00fczenlemeleri ve \u00e7er\u00e7eveleriyle uyumlu olman\u0131z\u0131 sa\u011flayan tam otomatik, son derece \u00f6zelle\u015ftirilebilir bir banner ekler. Google Tag Manager ve Analytics ile sorunsuz bir \u015fekilde entegre olarak daha kaliteli, onayl\u0131 veriler yakalay\u0131n, onay sinyallerini otomatikle\u015ftirin ve kod gerektirmeden g\u00fcven ve d\u00f6n\u00fc\u015f\u00fcmleri art\u0131ran \u015feffaf bir deneyim sunun.<\/p>\n","protected":false},"excerpt":{"rendered":"<p>Usercentrics Cookiebot CMP, WordPress i\u00e7in Google sertifikal\u0131 bir onay y\u00f6netim platformu (CMP) ve \u00e7erez onay\u0131\/banner \u00e7\u00f6z\u00fcm\u00fcd\u00fcr. Google Consent Mode v2 reklam teknolojisi gereksinimlerini kar\u015f\u0131larken GDPR, CCPA\/CPRA, LGPD ve di\u011fer gizlilik d\u00fczenlemeleri ve \u00e7er\u00e7eveleriyle uyumlu olman\u0131z\u0131 sa\u011flayan tam otomatik, son derece \u00f6zelle\u015ftirilebilir bir banner ekler. Google Tag Manager ve Analytics ile sorunsuz bir \u015fekilde entegre olarak [&hellip;]<\/p>\n","protected":false},"featured_media":13170,"comment_status":"open","ping_status":"closed","template":"","meta":[],"product_brand":[],"product_cat":[1413],"product_tag":[1644,1643,1462,2049,2050],"class_list":{"0":"post-13966","1":"product","2":"type-product","3":"status-publish","4":"has-post-thumbnail","6":"product_cat-eklentiler","7":"product_tag-cerez-bildirimi","8":"product_tag-cerez-onayi","9":"product_tag-gdpr-tr","10":"product_tag-kurabiye-afisi","11":"product_tag-mahremiyet","13":"first","14":"instock","15":"downloadable","16":"virtual","17":"product-type-simple"},"_links":{"self":[{"href":"https:\/\/hexexist.com\/tr\/wp-json\/wp\/v2\/product\/13966","targetHints":{"allow":["GET"]}}],"collection":[{"href":"https:\/\/hexexist.com\/tr\/wp-json\/wp\/v2\/product"}],"about":[{"href":"https:\/\/hexexist.com\/tr\/wp-json\/wp\/v2\/types\/product"}],"replies":[{"embeddable":true,"href":"https:\/\/hexexist.com\/tr\/wp-json\/wp\/v2\/comments?post=13966"}],"wp:featuredmedia":[{"embeddable":true,"href":"https:\/\/hexexist.com\/tr\/wp-json\/wp\/v2\/media\/13170"}],"wp:attachment":[{"href":"https:\/\/hexexist.com\/tr\/wp-json\/wp\/v2\/media?parent=13966"}],"wp:term":[{"taxonomy":"product_brand","embeddable":true,"href":"https:\/\/hexexist.com\/tr\/wp-json\/wp\/v2\/product_brand?post=13966"},{"taxonomy":"product_cat","embeddable":true,"href":"https:\/\/hexexist.com\/tr\/wp-json\/wp\/v2\/product_cat?post=13966"},{"taxonomy":"product_tag","embeddable":true,"href":"https:\/\/hexexist.com\/tr\/wp-json\/wp\/v2\/product_tag?post=13966"}],"curies":[{"name":"wp","href":"https:\/\/api.w.org\/{rel}","templated":true}]}}