{"id":13967,"date":"2025-10-09T09:50:18","date_gmt":"2025-10-09T09:50:18","guid":{"rendered":"http:\/\/hexexist.com\/product\/hizli-etiket-ekle\/"},"modified":"2025-10-09T09:50:18","modified_gmt":"2025-10-09T09:50:18","slug":"hizli-etiket-ekle","status":"publish","type":"product","link":"https:\/\/hexexist.com\/tr\/urun\/hizli-etiket-ekle\/","title":{"rendered":"H\u0131zl\u0131 Etiket Ekle"},"content":{"rendered":"<p>Bu eklenti, html ve g\u00f6rsel d\u00fczenleyiciye Quicktag eklemeyi kolayla\u015ft\u0131r\u0131r. Quicktag&#8217;lerinizi, eklentinin di\u011fer kurulumlar\u0131nda i\u00e7e aktar\u0131labilen bir JSON dosyas\u0131 olarak d\u0131\u015fa aktarmak m\u00fcmk\u00fcnd\u00fcr. <\/p>\n","protected":false},"excerpt":{"rendered":"<p>Bu eklenti, html ve g\u00f6rsel d\u00fczenleyiciye Quicktag eklemeyi kolayla\u015ft\u0131r\u0131r. Quicktag&#8217;lerinizi, eklentinin di\u011fer kurulumlar\u0131nda i\u00e7e aktar\u0131labilen bir JSON dosyas\u0131 olarak d\u0131\u015fa aktarmak m\u00fcmk\u00fcnd\u00fcr.<\/p>\n","protected":false},"featured_media":13165,"comment_status":"open","ping_status":"closed","template":"","meta":[],"product_brand":[],"product_cat":[1413],"product_tag":[2167,2166,1771,2168,2169],"class_list":{"0":"post-13967","1":"product","2":"type-product","3":"status-publish","4":"has-post-thumbnail","6":"product_cat-eklentiler","7":"product_tag-dugme","8":"product_tag-dugme-ekle","9":"product_tag-editor-tr","10":"product_tag-quicktag-tr","11":"product_tag-tinymce-tr","13":"first","14":"instock","15":"downloadable","16":"virtual","17":"product-type-simple"},"_links":{"self":[{"href":"https:\/\/hexexist.com\/tr\/wp-json\/wp\/v2\/product\/13967","targetHints":{"allow":["GET"]}}],"collection":[{"href":"https:\/\/hexexist.com\/tr\/wp-json\/wp\/v2\/product"}],"about":[{"href":"https:\/\/hexexist.com\/tr\/wp-json\/wp\/v2\/types\/product"}],"replies":[{"embeddable":true,"href":"https:\/\/hexexist.com\/tr\/wp-json\/wp\/v2\/comments?post=13967"}],"wp:featuredmedia":[{"embeddable":true,"href":"https:\/\/hexexist.com\/tr\/wp-json\/wp\/v2\/media\/13165"}],"wp:attachment":[{"href":"https:\/\/hexexist.com\/tr\/wp-json\/wp\/v2\/media?parent=13967"}],"wp:term":[{"taxonomy":"product_brand","embeddable":true,"href":"https:\/\/hexexist.com\/tr\/wp-json\/wp\/v2\/product_brand?post=13967"},{"taxonomy":"product_cat","embeddable":true,"href":"https:\/\/hexexist.com\/tr\/wp-json\/wp\/v2\/product_cat?post=13967"},{"taxonomy":"product_tag","embeddable":true,"href":"https:\/\/hexexist.com\/tr\/wp-json\/wp\/v2\/product_tag?post=13967"}],"curies":[{"name":"wp","href":"https:\/\/api.w.org\/{rel}","templated":true}]}}