{"id":13968,"date":"2025-10-09T09:50:18","date_gmt":"2025-10-09T09:50:18","guid":{"rendered":"http:\/\/hexexist.com\/product\/icerik-gorunumleri-gonderi-izgarasi-ve-filtresi-son-gonderiler-kategori-gonderileri-kisa-kod-bloklar-ve-elementor-widgetlari\/"},"modified":"2025-10-09T09:50:18","modified_gmt":"2025-10-09T09:50:18","slug":"icerik-gorunumleri-gonderi-izgarasi-ve-filtresi-son-gonderiler-kategori-gonderileri-kisa-kod-bloklar-ve-elementor-widgetlari","status":"publish","type":"product","link":"https:\/\/hexexist.com\/tr\/urun\/icerik-gorunumleri-gonderi-izgarasi-ve-filtresi-son-gonderiler-kategori-gonderileri-kisa-kod-bloklar-ve-elementor-widgetlari\/","title":{"rendered":"\u0130\u00e7erik G\u00f6r\u00fcn\u00fcmleri G\u00f6nderi Izgaras\u0131 ve Filtresi, Son G\u00f6nderiler, Kategori G\u00f6nderileri ? (K\u0131sa Kod, Bloklar ve Elementor Widget&#8217;lar\u0131)"},"content":{"rendered":"<p>Content Views, \u00e7arp\u0131c\u0131 Bloglar, Haberler, Ki\u015fisel, Portf\u00f6y, \u0130\u015fletme ve Ma\u011faza siteleri olu\u015fturmak i\u00e7in en pop\u00fcler \u0131zgara eklentisidir.<\/p>\n","protected":false},"excerpt":{"rendered":"<p>Content Views, \u00e7arp\u0131c\u0131 Bloglar, Haberler, Ki\u015fisel, Portf\u00f6y, \u0130\u015fletme ve Ma\u011faza siteleri olu\u015fturmak i\u00e7in en pop\u00fcler \u0131zgara eklentisidir.<\/p>\n","protected":false},"featured_media":13169,"comment_status":"open","ping_status":"closed","template":"","meta":[],"product_brand":[],"product_cat":[1413],"product_tag":[1529,1532,1526,1903,2170],"class_list":{"0":"post-13968","1":"product","2":"type-product","3":"status-publish","4":"has-post-thumbnail","6":"product_cat-eklentiler","7":"product_tag-bloklar","8":"product_tag-elementor-tr","9":"product_tag-gutenberg-tr","10":"product_tag-izgara-sonrasi","11":"product_tag-son-gonderiler","13":"first","14":"instock","15":"downloadable","16":"virtual","17":"product-type-simple"},"_links":{"self":[{"href":"https:\/\/hexexist.com\/tr\/wp-json\/wp\/v2\/product\/13968","targetHints":{"allow":["GET"]}}],"collection":[{"href":"https:\/\/hexexist.com\/tr\/wp-json\/wp\/v2\/product"}],"about":[{"href":"https:\/\/hexexist.com\/tr\/wp-json\/wp\/v2\/types\/product"}],"replies":[{"embeddable":true,"href":"https:\/\/hexexist.com\/tr\/wp-json\/wp\/v2\/comments?post=13968"}],"wp:featuredmedia":[{"embeddable":true,"href":"https:\/\/hexexist.com\/tr\/wp-json\/wp\/v2\/media\/13169"}],"wp:attachment":[{"href":"https:\/\/hexexist.com\/tr\/wp-json\/wp\/v2\/media?parent=13968"}],"wp:term":[{"taxonomy":"product_brand","embeddable":true,"href":"https:\/\/hexexist.com\/tr\/wp-json\/wp\/v2\/product_brand?post=13968"},{"taxonomy":"product_cat","embeddable":true,"href":"https:\/\/hexexist.com\/tr\/wp-json\/wp\/v2\/product_cat?post=13968"},{"taxonomy":"product_tag","embeddable":true,"href":"https:\/\/hexexist.com\/tr\/wp-json\/wp\/v2\/product_tag?post=13968"}],"curies":[{"name":"wp","href":"https:\/\/api.w.org\/{rel}","templated":true}]}}