{"id":13969,"date":"2025-10-09T09:50:19","date_gmt":"2025-10-09T09:50:19","guid":{"rendered":"http:\/\/hexexist.com\/product\/wp-ve-amp-icin-sema-ve-yapilandirilmis-veri\/"},"modified":"2025-10-09T09:50:19","modified_gmt":"2025-10-09T09:50:19","slug":"wp-ve-amp-icin-sema-ve-yapilandirilmis-veri","status":"publish","type":"product","link":"https:\/\/hexexist.com\/tr\/urun\/wp-ve-amp-icin-sema-ve-yapilandirilmis-veri\/","title":{"rendered":"WP ve AMP i\u00e7in \u015eema ve Yap\u0131land\u0131r\u0131lm\u0131\u015f Veri"},"content":{"rendered":"<p>WP ve AMP i\u00e7in Schema &amp; Structured Data, sitenizi SEO i\u00e7in yap\u0131land\u0131rmak \u00fczere Schema.org y\u00f6nergelerine g\u00f6re Google Rich Snippets i\u015faretlemesi ekler. (AMP Uyumlu) <\/p>\n","protected":false},"excerpt":{"rendered":"<p>WP ve AMP i\u00e7in Schema &amp; Structured Data, sitenizi SEO i\u00e7in yap\u0131land\u0131rmak \u00fczere Schema.org y\u00f6nergelerine g\u00f6re Google Rich Snippets i\u015faretlemesi ekler. (AMP Uyumlu)<\/p>\n","protected":false},"featured_media":13178,"comment_status":"open","ping_status":"closed","template":"","meta":[],"product_brand":[],"product_cat":[1413],"product_tag":[1503,2171,1583,2172,2173],"class_list":{"0":"post-13969","1":"product","2":"type-product","3":"status-publish","4":"has-post-thumbnail","6":"product_cat-eklentiler","7":"product_tag-amp-tr","8":"product_tag-sema","9":"product_tag-seo-tr","10":"product_tag-yapilandirilmis-veri","11":"product_tag-zengin-snippetler","13":"first","14":"instock","15":"downloadable","16":"virtual","17":"product-type-simple"},"_links":{"self":[{"href":"https:\/\/hexexist.com\/tr\/wp-json\/wp\/v2\/product\/13969","targetHints":{"allow":["GET"]}}],"collection":[{"href":"https:\/\/hexexist.com\/tr\/wp-json\/wp\/v2\/product"}],"about":[{"href":"https:\/\/hexexist.com\/tr\/wp-json\/wp\/v2\/types\/product"}],"replies":[{"embeddable":true,"href":"https:\/\/hexexist.com\/tr\/wp-json\/wp\/v2\/comments?post=13969"}],"wp:featuredmedia":[{"embeddable":true,"href":"https:\/\/hexexist.com\/tr\/wp-json\/wp\/v2\/media\/13178"}],"wp:attachment":[{"href":"https:\/\/hexexist.com\/tr\/wp-json\/wp\/v2\/media?parent=13969"}],"wp:term":[{"taxonomy":"product_brand","embeddable":true,"href":"https:\/\/hexexist.com\/tr\/wp-json\/wp\/v2\/product_brand?post=13969"},{"taxonomy":"product_cat","embeddable":true,"href":"https:\/\/hexexist.com\/tr\/wp-json\/wp\/v2\/product_cat?post=13969"},{"taxonomy":"product_tag","embeddable":true,"href":"https:\/\/hexexist.com\/tr\/wp-json\/wp\/v2\/product_tag?post=13969"}],"curies":[{"name":"wp","href":"https:\/\/api.w.org\/{rel}","templated":true}]}}