{"id":13971,"date":"2025-10-09T09:50:19","date_gmt":"2025-10-09T09:50:19","guid":{"rendered":"http:\/\/hexexist.com\/product\/resmush-it-orijinal-ucretsiz-goruntu-sikistirici-ve-iyilestirici-eklentisi\/"},"modified":"2025-10-09T09:50:19","modified_gmt":"2025-10-09T09:50:19","slug":"resmush-it-orijinal-ucretsiz-goruntu-sikistirici-ve-iyilestirici-eklentisi","status":"publish","type":"product","link":"https:\/\/hexexist.com\/tr\/urun\/resmush-it-orijinal-ucretsiz-goruntu-sikistirici-ve-iyilestirici-eklentisi\/","title":{"rendered":"reSmush.it : Orijinal \u00fccretsiz g\u00f6r\u00fcnt\u00fc s\u0131k\u0131\u015ft\u0131r\u0131c\u0131 ve iyile\u015ftirici eklentisi"},"content":{"rendered":"<p>reSmush.it Image Optimizer, web sitenizin g\u00f6rsellerini daha h\u0131zl\u0131 y\u00fcklenmeleri i\u00e7in s\u0131k\u0131\u015ft\u0131rman\u0131z\u0131 sa\u011flayan \u00fccretsiz bir WordPress g\u00f6rsel s\u0131k\u0131\u015ft\u0131r\u0131c\u0131 ve optimize edici eklentisidir. Eklentinin kullan\u0131m\u0131 \u00e7ok kolayd\u0131r (sadece 2 t\u0131klama!), JPG, PNG ve GIF g\u00f6r\u00fcnt\u00fc formatlar\u0131n\u0131 destekler ve mevcut (ge\u00e7mi\u015f) g\u00f6r\u00fcnt\u00fcleri toplu olarak optimize etmek ve t\u00fcm yeni g\u00f6r\u00fcnt\u00fcleri otomatik olarak optimize etmek i\u00e7in kullan\u0131labilir. Ayr\u0131ca optimizasyon seviyelerini ayarlayabilir ve belirli g\u00f6r\u00fcnt\u00fcleri hari\u00e7 tutabilirsiniz. reSmush.it, 9 y\u0131ldan daha uzun bir s\u00fcre \u00f6nce piyasaya s\u00fcr\u00fclmesinden bu yana, g\u00f6r\u00fcnt\u00fcleri \u00fccretsiz olarak ezmenize izin verdi\u011fi i\u00e7in WordPress g\u00f6r\u00fcnt\u00fc optimizasyonu i\u00e7in tercih edilen se\u00e7im haline geldi. reSmush.it g\u00f6r\u00fcnt\u00fc optimizasyon hizmeti \u00e7e\u015fitli CMS platformlar\u0131nda (WordPress, Drupal, Joomla, Magento, Prestashop, vb.) \u00c7al\u0131\u015f\u0131r ve d\u00fcnya \u00e7ap\u0131nda 400.000&#8217;den fazla web sitesi taraf\u0131ndan kullan\u0131l\u0131r. reSmush.it, piyasadaki en iyi \u00fccretsiz, h\u0131zl\u0131 ve kolay g\u00f6r\u00fcnt\u00fc optimizasyon eklentisi olarak \u00fcn kazanm\u0131\u015ft\u0131r \ud83d\ude42     <\/p>\n","protected":false},"excerpt":{"rendered":"<p>reSmush.it Image Optimizer, web sitenizin g\u00f6rsellerini daha h\u0131zl\u0131 y\u00fcklenmeleri i\u00e7in s\u0131k\u0131\u015ft\u0131rman\u0131z\u0131 sa\u011flayan \u00fccretsiz bir WordPress g\u00f6rsel s\u0131k\u0131\u015ft\u0131r\u0131c\u0131 ve optimize edici eklentisidir. Eklentinin kullan\u0131m\u0131 \u00e7ok kolayd\u0131r (sadece 2 t\u0131klama!), JPG, PNG ve GIF g\u00f6r\u00fcnt\u00fc formatlar\u0131n\u0131 destekler ve mevcut (ge\u00e7mi\u015f) g\u00f6r\u00fcnt\u00fcleri toplu olarak optimize etmek ve t\u00fcm yeni g\u00f6r\u00fcnt\u00fcleri otomatik olarak optimize etmek i\u00e7in kullan\u0131labilir. Ayr\u0131ca optimizasyon [&hellip;]<\/p>\n","protected":false},"featured_media":13177,"comment_status":"open","ping_status":"closed","template":"","meta":[],"product_brand":[],"product_cat":[1413],"product_tag":[2176,1596,2178,2179,2177],"class_list":{"0":"post-13971","1":"product","2":"type-product","3":"status-publish","4":"has-post-thumbnail","6":"product_cat-eklentiler","7":"product_tag-goruntu-optimizasyonu","8":"product_tag-image-tr","9":"product_tag-optimize-edici","10":"product_tag-smush-tr","11":"product_tag-ucretsiz-goruntu-optimizasyonu","13":"first","14":"instock","15":"downloadable","16":"virtual","17":"product-type-simple"},"_links":{"self":[{"href":"https:\/\/hexexist.com\/tr\/wp-json\/wp\/v2\/product\/13971","targetHints":{"allow":["GET"]}}],"collection":[{"href":"https:\/\/hexexist.com\/tr\/wp-json\/wp\/v2\/product"}],"about":[{"href":"https:\/\/hexexist.com\/tr\/wp-json\/wp\/v2\/types\/product"}],"replies":[{"embeddable":true,"href":"https:\/\/hexexist.com\/tr\/wp-json\/wp\/v2\/comments?post=13971"}],"wp:featuredmedia":[{"embeddable":true,"href":"https:\/\/hexexist.com\/tr\/wp-json\/wp\/v2\/media\/13177"}],"wp:attachment":[{"href":"https:\/\/hexexist.com\/tr\/wp-json\/wp\/v2\/media?parent=13971"}],"wp:term":[{"taxonomy":"product_brand","embeddable":true,"href":"https:\/\/hexexist.com\/tr\/wp-json\/wp\/v2\/product_brand?post=13971"},{"taxonomy":"product_cat","embeddable":true,"href":"https:\/\/hexexist.com\/tr\/wp-json\/wp\/v2\/product_cat?post=13971"},{"taxonomy":"product_tag","embeddable":true,"href":"https:\/\/hexexist.com\/tr\/wp-json\/wp\/v2\/product_tag?post=13971"}],"curies":[{"name":"wp","href":"https:\/\/api.w.org\/{rel}","templated":true}]}}