{"id":13972,"date":"2025-10-09T09:50:18","date_gmt":"2025-10-09T09:50:18","guid":{"rendered":"http:\/\/hexexist.com\/product\/beaver-builder-wordpress-sayfa-olusturucu\/"},"modified":"2025-10-09T09:50:18","modified_gmt":"2025-10-09T09:50:18","slug":"beaver-builder-wordpress-sayfa-olusturucu","status":"publish","type":"product","link":"https:\/\/hexexist.com\/tr\/urun\/beaver-builder-wordpress-sayfa-olusturucu\/","title":{"rendered":"Beaver Builder WordPress Sayfa Olu\u015fturucu"},"content":{"rendered":"<p>Beaver Builder, WordPress web sitenizin \u00f6n ucunda \u00e7al\u0131\u015fan esnek bir s\u00fcr\u00fckle ve b\u0131rak sayfa olu\u015fturucudur. \u0130ster yeni ba\u015flayan ister profesyonel olun, web sitenizin kontrol\u00fcn\u00fc elinize almay\u0131 seveceksiniz. HTML yazmay\u0131 veya kafa kar\u0131\u015ft\u0131r\u0131c\u0131 k\u0131sa kodlarla bo\u011fu\u015fmay\u0131 b\u0131rak\u0131n. Beaver Builder ile g\u00fczel, profesyonel WordPress sayfalar\u0131 olu\u015fturmak s\u00fcr\u00fckleyip b\u0131rakmak kadar kolay.   <\/p>\n","protected":false},"excerpt":{"rendered":"<p>Beaver Builder, WordPress web sitenizin \u00f6n ucunda \u00e7al\u0131\u015fan esnek bir s\u00fcr\u00fckle ve b\u0131rak sayfa olu\u015fturucudur. \u0130ster yeni ba\u015flayan ister profesyonel olun, web sitenizin kontrol\u00fcn\u00fc elinize almay\u0131 seveceksiniz. HTML yazmay\u0131 veya kafa kar\u0131\u015ft\u0131r\u0131c\u0131 k\u0131sa kodlarla bo\u011fu\u015fmay\u0131 b\u0131rak\u0131n. Beaver Builder ile g\u00fczel, profesyonel WordPress sayfalar\u0131 olu\u015fturmak s\u00fcr\u00fckleyip b\u0131rakmak kadar kolay.<\/p>\n","protected":false},"featured_media":13167,"comment_status":"open","ping_status":"closed","template":"","meta":[],"product_brand":[],"product_cat":[1413],"product_tag":[1867,2180,2182,1535,2181],"class_list":{"0":"post-13972","1":"product","2":"type-product","3":"status-publish","4":"has-post-thumbnail","6":"product_cat-eklentiler","7":"product_tag-acilis-sayfasi","8":"product_tag-kunduz-insaatcisi","9":"product_tag-on-uc-olusturucu","10":"product_tag-sayfa-olusturucu","11":"product_tag-surukle-ve-birak-editoru","13":"first","14":"instock","15":"downloadable","16":"virtual","17":"product-type-simple"},"_links":{"self":[{"href":"https:\/\/hexexist.com\/tr\/wp-json\/wp\/v2\/product\/13972","targetHints":{"allow":["GET"]}}],"collection":[{"href":"https:\/\/hexexist.com\/tr\/wp-json\/wp\/v2\/product"}],"about":[{"href":"https:\/\/hexexist.com\/tr\/wp-json\/wp\/v2\/types\/product"}],"replies":[{"embeddable":true,"href":"https:\/\/hexexist.com\/tr\/wp-json\/wp\/v2\/comments?post=13972"}],"wp:featuredmedia":[{"embeddable":true,"href":"https:\/\/hexexist.com\/tr\/wp-json\/wp\/v2\/media\/13167"}],"wp:attachment":[{"href":"https:\/\/hexexist.com\/tr\/wp-json\/wp\/v2\/media?parent=13972"}],"wp:term":[{"taxonomy":"product_brand","embeddable":true,"href":"https:\/\/hexexist.com\/tr\/wp-json\/wp\/v2\/product_brand?post=13972"},{"taxonomy":"product_cat","embeddable":true,"href":"https:\/\/hexexist.com\/tr\/wp-json\/wp\/v2\/product_cat?post=13972"},{"taxonomy":"product_tag","embeddable":true,"href":"https:\/\/hexexist.com\/tr\/wp-json\/wp\/v2\/product_tag?post=13972"}],"curies":[{"name":"wp","href":"https:\/\/api.w.org\/{rel}","templated":true}]}}