{"id":13974,"date":"2025-10-09T09:50:20","date_gmt":"2025-10-09T09:50:20","guid":{"rendered":"http:\/\/hexexist.com\/product\/wp-sohbet-uygulamasi\/"},"modified":"2025-10-09T09:50:20","modified_gmt":"2025-10-09T09:50:20","slug":"wp-sohbet-uygulamasi","status":"publish","type":"product","link":"https:\/\/hexexist.com\/tr\/urun\/wp-sohbet-uygulamasi\/","title":{"rendered":"WP Sohbet Uygulamas\u0131"},"content":{"rendered":"<p>WordPress i\u00e7in WhatsApp Chat eklentisi, web sitenize bir WhatsApp kayan d\u00fc\u011fmesi, sabit d\u00fc\u011fme, widget ve web i\u015faret\u00e7isi eklemenize olanak tan\u0131r.<\/p>\n","protected":false},"excerpt":{"rendered":"<p>WordPress i\u00e7in WhatsApp Chat eklentisi, web sitenize bir WhatsApp kayan d\u00fc\u011fmesi, sabit d\u00fc\u011fme, widget ve web i\u015faret\u00e7isi eklemenize olanak tan\u0131r.<\/p>\n","protected":false},"featured_media":13183,"comment_status":"open","ping_status":"closed","template":"","meta":[],"product_brand":[],"product_cat":[1413],"product_tag":[2188,2189,2192,2193,2194],"class_list":{"0":"post-13974","1":"product","2":"type-product","3":"status-publish","4":"has-post-thumbnail","6":"product_cat-eklentiler","7":"product_tag-sohbet-etmek-icin-tiklayin","8":"product_tag-whatsapp-tr","9":"product_tag-whatsapp-is","10":"product_tag-whatsapp-sohbet","11":"product_tag-woocommerce-whatsapp-tr","13":"first","14":"instock","15":"downloadable","16":"virtual","17":"product-type-simple"},"_links":{"self":[{"href":"https:\/\/hexexist.com\/tr\/wp-json\/wp\/v2\/product\/13974","targetHints":{"allow":["GET"]}}],"collection":[{"href":"https:\/\/hexexist.com\/tr\/wp-json\/wp\/v2\/product"}],"about":[{"href":"https:\/\/hexexist.com\/tr\/wp-json\/wp\/v2\/types\/product"}],"replies":[{"embeddable":true,"href":"https:\/\/hexexist.com\/tr\/wp-json\/wp\/v2\/comments?post=13974"}],"wp:featuredmedia":[{"embeddable":true,"href":"https:\/\/hexexist.com\/tr\/wp-json\/wp\/v2\/media\/13183"}],"wp:attachment":[{"href":"https:\/\/hexexist.com\/tr\/wp-json\/wp\/v2\/media?parent=13974"}],"wp:term":[{"taxonomy":"product_brand","embeddable":true,"href":"https:\/\/hexexist.com\/tr\/wp-json\/wp\/v2\/product_brand?post=13974"},{"taxonomy":"product_cat","embeddable":true,"href":"https:\/\/hexexist.com\/tr\/wp-json\/wp\/v2\/product_cat?post=13974"},{"taxonomy":"product_tag","embeddable":true,"href":"https:\/\/hexexist.com\/tr\/wp-json\/wp\/v2\/product_tag?post=13974"}],"curies":[{"name":"wp","href":"https:\/\/api.w.org\/{rel}","templated":true}]}}