{"id":13975,"date":"2025-10-09T09:50:19","date_gmt":"2025-10-09T09:50:19","guid":{"rendered":"http:\/\/hexexist.com\/product\/sayfa-kaydirma-kimligi\/"},"modified":"2025-10-09T09:50:19","modified_gmt":"2025-10-09T09:50:19","slug":"sayfa-kaydirma-kimligi","status":"publish","type":"product","link":"https:\/\/hexexist.com\/tr\/urun\/sayfa-kaydirma-kimligi\/","title":{"rendered":"Sayfa kayd\u0131rma kimli\u011fi"},"content":{"rendered":"<p>Page scroll to id, # i\u00e7eren href de\u011ferine sahip ba\u011flant\u0131lara t\u0131kland\u0131\u011f\u0131nda taray\u0131c\u0131n\u0131n z\u0131plama davran\u0131\u015f\u0131n\u0131 yumu\u015fak bir kayd\u0131rma animasyonu ile de\u011fi\u015ftiren tam \u00f6zellikli bir eklentidir. Tek sayfal\u0131 web siteleri, sayfa i\u00e7i navigasyon, \u00fcstten geri ba\u011flant\u0131lar vb. \u00f6zellikler i\u00e7in t\u00fcm temel ara\u00e7lar\u0131 ve geli\u015fmi\u015f i\u015flevleri sa\u011flar:<\/p>\n","protected":false},"excerpt":{"rendered":"<p>Page scroll to id, # i\u00e7eren href de\u011ferine sahip ba\u011flant\u0131lara t\u0131kland\u0131\u011f\u0131nda taray\u0131c\u0131n\u0131n z\u0131plama davran\u0131\u015f\u0131n\u0131 yumu\u015fak bir kayd\u0131rma animasyonu ile de\u011fi\u015ftiren tam \u00f6zellikli bir eklentidir. Tek sayfal\u0131 web siteleri, sayfa i\u00e7i navigasyon, \u00fcstten geri ba\u011flant\u0131lar vb. \u00f6zellikler i\u00e7in t\u00fcm temel ara\u00e7lar\u0131 ve geli\u015fmi\u015f i\u015flevleri sa\u011flar:<\/p>\n","protected":false},"featured_media":13175,"comment_status":"open","ping_status":"closed","template":"","meta":[],"product_brand":[],"product_cat":[1413],"product_tag":[1530,1441,2190,2191],"class_list":{"0":"post-13975","1":"product","2":"type-product","3":"status-publish","4":"has-post-thumbnail","6":"product_cat-eklentiler","7":"product_tag-navigasyon","8":"product_tag-puruzsuz-kaydirma","9":"product_tag-sayfa-animasyonu","10":"product_tag-sayfa-kaydirma","12":"first","13":"instock","14":"downloadable","15":"virtual","16":"product-type-simple"},"_links":{"self":[{"href":"https:\/\/hexexist.com\/tr\/wp-json\/wp\/v2\/product\/13975","targetHints":{"allow":["GET"]}}],"collection":[{"href":"https:\/\/hexexist.com\/tr\/wp-json\/wp\/v2\/product"}],"about":[{"href":"https:\/\/hexexist.com\/tr\/wp-json\/wp\/v2\/types\/product"}],"replies":[{"embeddable":true,"href":"https:\/\/hexexist.com\/tr\/wp-json\/wp\/v2\/comments?post=13975"}],"wp:featuredmedia":[{"embeddable":true,"href":"https:\/\/hexexist.com\/tr\/wp-json\/wp\/v2\/media\/13175"}],"wp:attachment":[{"href":"https:\/\/hexexist.com\/tr\/wp-json\/wp\/v2\/media?parent=13975"}],"wp:term":[{"taxonomy":"product_brand","embeddable":true,"href":"https:\/\/hexexist.com\/tr\/wp-json\/wp\/v2\/product_brand?post=13975"},{"taxonomy":"product_cat","embeddable":true,"href":"https:\/\/hexexist.com\/tr\/wp-json\/wp\/v2\/product_cat?post=13975"},{"taxonomy":"product_tag","embeddable":true,"href":"https:\/\/hexexist.com\/tr\/wp-json\/wp\/v2\/product_tag?post=13975"}],"curies":[{"name":"wp","href":"https:\/\/api.w.org\/{rel}","templated":true}]}}