{"id":13977,"date":"2025-10-09T09:50:20","date_gmt":"2025-10-09T09:50:20","guid":{"rendered":"http:\/\/hexexist.com\/product\/widget-options-1-numarali-wordpress-widget-ve-blok-kontrol-eklentisi\/"},"modified":"2025-10-09T09:50:20","modified_gmt":"2025-10-09T09:50:20","slug":"widget-options-1-numarali-wordpress-widget-ve-blok-kontrol-eklentisi","status":"publish","type":"product","link":"https:\/\/hexexist.com\/tr\/urun\/widget-options-1-numarali-wordpress-widget-ve-blok-kontrol-eklentisi\/","title":{"rendered":"Widget Options 1 Numaral\u0131 WordPress Widget ve Blok Kontrol Eklentisi"},"content":{"rendered":"<p>Widget Se\u00e7enekleri, sitenizin kenar \u00e7ubu\u011fu widget&#8217;lar\u0131n\u0131 ve sayfalardaki ve g\u00f6nderilerdeki t\u00fcm Gutenberg bloklar\u0131n\u0131 kontrol etmeniz i\u00e7in size s\u00fcper g\u00fc\u00e7ler sa\u011flar.<\/p>\n","protected":false},"excerpt":{"rendered":"<p>Widget Se\u00e7enekleri, sitenizin kenar \u00e7ubu\u011fu widget&#8217;lar\u0131n\u0131 ve sayfalardaki ve g\u00f6nderilerdeki t\u00fcm Gutenberg bloklar\u0131n\u0131 kontrol etmeniz i\u00e7in size s\u00fcper g\u00fc\u00e7ler sa\u011flar.<\/p>\n","protected":false},"featured_media":13182,"comment_status":"open","ping_status":"closed","template":"","meta":[],"product_brand":[],"product_cat":[1413],"product_tag":[1529,1894,2197,2199],"class_list":{"0":"post-13977","1":"product","2":"type-product","3":"status-publish","4":"has-post-thumbnail","6":"product_cat-eklentiler","7":"product_tag-bloklar","8":"product_tag-gutenberg-widgetlari","9":"product_tag-klasik-widgetlar","10":"product_tag-widget-kontrolu","12":"first","13":"instock","14":"downloadable","15":"virtual","16":"product-type-simple"},"_links":{"self":[{"href":"https:\/\/hexexist.com\/tr\/wp-json\/wp\/v2\/product\/13977","targetHints":{"allow":["GET"]}}],"collection":[{"href":"https:\/\/hexexist.com\/tr\/wp-json\/wp\/v2\/product"}],"about":[{"href":"https:\/\/hexexist.com\/tr\/wp-json\/wp\/v2\/types\/product"}],"replies":[{"embeddable":true,"href":"https:\/\/hexexist.com\/tr\/wp-json\/wp\/v2\/comments?post=13977"}],"wp:featuredmedia":[{"embeddable":true,"href":"https:\/\/hexexist.com\/tr\/wp-json\/wp\/v2\/media\/13182"}],"wp:attachment":[{"href":"https:\/\/hexexist.com\/tr\/wp-json\/wp\/v2\/media?parent=13977"}],"wp:term":[{"taxonomy":"product_brand","embeddable":true,"href":"https:\/\/hexexist.com\/tr\/wp-json\/wp\/v2\/product_brand?post=13977"},{"taxonomy":"product_cat","embeddable":true,"href":"https:\/\/hexexist.com\/tr\/wp-json\/wp\/v2\/product_cat?post=13977"},{"taxonomy":"product_tag","embeddable":true,"href":"https:\/\/hexexist.com\/tr\/wp-json\/wp\/v2\/product_tag?post=13977"}],"curies":[{"name":"wp","href":"https:\/\/api.w.org\/{rel}","templated":true}]}}