{"id":13978,"date":"2025-10-09T09:50:20","date_gmt":"2025-10-09T09:50:20","guid":{"rendered":"http:\/\/hexexist.com\/product\/ti-woocommerce-istek-listesi\/"},"modified":"2025-10-09T09:50:20","modified_gmt":"2025-10-09T09:50:20","slug":"ti-woocommerce-istek-listesi","status":"publish","type":"product","link":"https:\/\/hexexist.com\/tr\/urun\/ti-woocommerce-istek-listesi\/","title":{"rendered":"TI WooCommerce \u0130stek Listesi"},"content":{"rendered":"<p>TI WooCommerce \u0130stek Listesi eklentisi ile WooCommerce sat\u0131\u015flar\u0131n\u0131z\u0131 art\u0131r\u0131n. Bu g\u00fc\u00e7l\u00fc ara\u00e7, m\u00fc\u015fterilerinizin favori \u00fcr\u00fcnlerini daha sonras\u0131 i\u00e7in kaydetmelerine olanak tan\u0131yarak tekrar ziyaret etme ve sat\u0131n alma olas\u0131l\u0131\u011f\u0131n\u0131 art\u0131r\u0131r. \u0130stek listesi \u00f6zelli\u011finin kullan\u0131m\u0131 kolayd\u0131r ve m\u00fc\u015fterileri ba\u015flang\u0131\u00e7ta planlad\u0131klar\u0131ndan daha fazla \u00fcr\u00fcn sat\u0131n almaya te\u015fvik edebilir. Ayr\u0131ca, istek listelerini payla\u015fma \u00f6zelli\u011fi yeni potansiyel m\u00fc\u015fterileri \u00e7ekebilir ve sitenizin g\u00f6r\u00fcn\u00fcrl\u00fc\u011f\u00fcn\u00fc art\u0131rabilir.   <\/p>\n","protected":false},"excerpt":{"rendered":"<p>TI WooCommerce \u0130stek Listesi eklentisi ile WooCommerce sat\u0131\u015flar\u0131n\u0131z\u0131 art\u0131r\u0131n. Bu g\u00fc\u00e7l\u00fc ara\u00e7, m\u00fc\u015fterilerinizin favori \u00fcr\u00fcnlerini daha sonras\u0131 i\u00e7in kaydetmelerine olanak tan\u0131yarak tekrar ziyaret etme ve sat\u0131n alma olas\u0131l\u0131\u011f\u0131n\u0131 art\u0131r\u0131r. \u0130stek listesi \u00f6zelli\u011finin kullan\u0131m\u0131 kolayd\u0131r ve m\u00fc\u015fterileri ba\u015flang\u0131\u00e7ta planlad\u0131klar\u0131ndan daha fazla \u00fcr\u00fcn sat\u0131n almaya te\u015fvik edebilir. Ayr\u0131ca, istek listelerini payla\u015fma \u00f6zelli\u011fi yeni potansiyel m\u00fc\u015fterileri \u00e7ekebilir ve [&hellip;]<\/p>\n","protected":false},"featured_media":13181,"comment_status":"open","ping_status":"closed","template":"","meta":[],"product_brand":[],"product_cat":[1413],"product_tag":[2202,1504,1890,1459,2203],"class_list":{"0":"post-13978","1":"product","2":"type-product","3":"status-publish","4":"has-post-thumbnail","6":"product_cat-eklentiler","7":"product_tag-dukkan","8":"product_tag-e-ticaret","9":"product_tag-istek-listesi","10":"product_tag-woocommerce-tr","11":"product_tag-woocommerce-istek-listesi","13":"first","14":"instock","15":"downloadable","16":"virtual","17":"product-type-simple"},"_links":{"self":[{"href":"https:\/\/hexexist.com\/tr\/wp-json\/wp\/v2\/product\/13978","targetHints":{"allow":["GET"]}}],"collection":[{"href":"https:\/\/hexexist.com\/tr\/wp-json\/wp\/v2\/product"}],"about":[{"href":"https:\/\/hexexist.com\/tr\/wp-json\/wp\/v2\/types\/product"}],"replies":[{"embeddable":true,"href":"https:\/\/hexexist.com\/tr\/wp-json\/wp\/v2\/comments?post=13978"}],"wp:featuredmedia":[{"embeddable":true,"href":"https:\/\/hexexist.com\/tr\/wp-json\/wp\/v2\/media\/13181"}],"wp:attachment":[{"href":"https:\/\/hexexist.com\/tr\/wp-json\/wp\/v2\/media?parent=13978"}],"wp:term":[{"taxonomy":"product_brand","embeddable":true,"href":"https:\/\/hexexist.com\/tr\/wp-json\/wp\/v2\/product_brand?post=13978"},{"taxonomy":"product_cat","embeddable":true,"href":"https:\/\/hexexist.com\/tr\/wp-json\/wp\/v2\/product_cat?post=13978"},{"taxonomy":"product_tag","embeddable":true,"href":"https:\/\/hexexist.com\/tr\/wp-json\/wp\/v2\/product_tag?post=13978"}],"curies":[{"name":"wp","href":"https:\/\/api.w.org\/{rel}","templated":true}]}}