{"id":13979,"date":"2025-10-09T09:50:19","date_gmt":"2025-10-09T09:50:19","guid":{"rendered":"http:\/\/hexexist.com\/product\/kolay-https-yeniden-yonlendirme-ssl\/"},"modified":"2025-10-09T09:50:19","modified_gmt":"2025-10-09T09:50:19","slug":"kolay-https-yeniden-yonlendirme-ssl","status":"publish","type":"product","link":"https:\/\/hexexist.com\/tr\/urun\/kolay-https-yeniden-yonlendirme-ssl\/","title":{"rendered":"Kolay HTTPS Yeniden Y\u00f6nlendirme (SSL)"},"content":{"rendered":"<p>Sitenize bir SSL sertifikas\u0131 y\u00fckledikten sonra, web sayfalar\u0131n\u0131za g\u00fcvenli HTTPS URL&#8217;leri \u00fczerinden eri\u015fildi\u011finden emin olman\u0131z \u00f6nemlidir.<\/p>\n","protected":false},"excerpt":{"rendered":"<p>Sitenize bir SSL sertifikas\u0131 y\u00fckledikten sonra, web sayfalar\u0131n\u0131za g\u00fcvenli HTTPS URL&#8217;leri \u00fczerinden eri\u015fildi\u011finden emin olman\u0131z \u00f6nemlidir.<\/p>\n","protected":false},"featured_media":13173,"comment_status":"open","ping_status":"closed","template":"","meta":[],"product_brand":[],"product_cat":[1413],"product_tag":[2204,1998,1999,2001,2038],"class_list":{"0":"post-13979","1":"product","2":"type-product","3":"status-publish","4":"has-post-thumbnail","6":"product_cat-eklentiler","7":"product_tag-guvensiz-icerik","8":"product_tag-https-tr","9":"product_tag-ssl-tr","10":"product_tag-sslyi-zorla","11":"product_tag-yonlendirme","13":"first","14":"instock","15":"downloadable","16":"virtual","17":"product-type-simple"},"_links":{"self":[{"href":"https:\/\/hexexist.com\/tr\/wp-json\/wp\/v2\/product\/13979","targetHints":{"allow":["GET"]}}],"collection":[{"href":"https:\/\/hexexist.com\/tr\/wp-json\/wp\/v2\/product"}],"about":[{"href":"https:\/\/hexexist.com\/tr\/wp-json\/wp\/v2\/types\/product"}],"replies":[{"embeddable":true,"href":"https:\/\/hexexist.com\/tr\/wp-json\/wp\/v2\/comments?post=13979"}],"wp:featuredmedia":[{"embeddable":true,"href":"https:\/\/hexexist.com\/tr\/wp-json\/wp\/v2\/media\/13173"}],"wp:attachment":[{"href":"https:\/\/hexexist.com\/tr\/wp-json\/wp\/v2\/media?parent=13979"}],"wp:term":[{"taxonomy":"product_brand","embeddable":true,"href":"https:\/\/hexexist.com\/tr\/wp-json\/wp\/v2\/product_brand?post=13979"},{"taxonomy":"product_cat","embeddable":true,"href":"https:\/\/hexexist.com\/tr\/wp-json\/wp\/v2\/product_cat?post=13979"},{"taxonomy":"product_tag","embeddable":true,"href":"https:\/\/hexexist.com\/tr\/wp-json\/wp\/v2\/product_tag?post=13979"}],"curies":[{"name":"wp","href":"https:\/\/api.w.org\/{rel}","templated":true}]}}