{"id":13980,"date":"2025-10-09T09:50:20","date_gmt":"2025-10-09T09:50:20","guid":{"rendered":"http:\/\/hexexist.com\/product\/istiflenebilir-sayfa-olusturucu-gutenberg-bloklari\/"},"modified":"2025-10-09T09:50:20","modified_gmt":"2025-10-09T09:50:20","slug":"istiflenebilir-sayfa-olusturucu-gutenberg-bloklari","status":"publish","type":"product","link":"https:\/\/hexexist.com\/tr\/urun\/istiflenebilir-sayfa-olusturucu-gutenberg-bloklari\/","title":{"rendered":"\u0130stiflenebilir Sayfa Olu\u015fturucu Gutenberg Bloklar\u0131"},"content":{"rendered":"<p>WordPress Blok D\u00fczenleyicisinin Nihai Yard\u0131mc\u0131s\u0131<\/p>\n","protected":false},"excerpt":{"rendered":"<p>WordPress Blok D\u00fczenleyicisinin Nihai Yard\u0131mc\u0131s\u0131<\/p>\n","protected":false},"featured_media":13180,"comment_status":"open","ping_status":"closed","template":"","meta":[],"product_brand":[],"product_cat":[1413],"product_tag":[1529,1526,2205,1535,2207],"class_list":{"0":"post-13980","1":"product","2":"type-product","3":"status-publish","4":"has-post-thumbnail","6":"product_cat-eklentiler","7":"product_tag-bloklar","8":"product_tag-gutenberg-tr","9":"product_tag-gutenberg-bloklari","10":"product_tag-sayfa-olusturucu","11":"product_tag-wordpress-bloklari","13":"first","14":"instock","15":"downloadable","16":"virtual","17":"product-type-simple"},"_links":{"self":[{"href":"https:\/\/hexexist.com\/tr\/wp-json\/wp\/v2\/product\/13980","targetHints":{"allow":["GET"]}}],"collection":[{"href":"https:\/\/hexexist.com\/tr\/wp-json\/wp\/v2\/product"}],"about":[{"href":"https:\/\/hexexist.com\/tr\/wp-json\/wp\/v2\/types\/product"}],"replies":[{"embeddable":true,"href":"https:\/\/hexexist.com\/tr\/wp-json\/wp\/v2\/comments?post=13980"}],"wp:featuredmedia":[{"embeddable":true,"href":"https:\/\/hexexist.com\/tr\/wp-json\/wp\/v2\/media\/13180"}],"wp:attachment":[{"href":"https:\/\/hexexist.com\/tr\/wp-json\/wp\/v2\/media?parent=13980"}],"wp:term":[{"taxonomy":"product_brand","embeddable":true,"href":"https:\/\/hexexist.com\/tr\/wp-json\/wp\/v2\/product_brand?post=13980"},{"taxonomy":"product_cat","embeddable":true,"href":"https:\/\/hexexist.com\/tr\/wp-json\/wp\/v2\/product_cat?post=13980"},{"taxonomy":"product_tag","embeddable":true,"href":"https:\/\/hexexist.com\/tr\/wp-json\/wp\/v2\/product_tag?post=13980"}],"curies":[{"name":"wp","href":"https:\/\/api.w.org\/{rel}","templated":true}]}}