{"id":13981,"date":"2025-10-09T09:50:19","date_gmt":"2025-10-09T09:50:19","guid":{"rendered":"http:\/\/hexexist.com\/product\/givewp-bagis-eklentisi-ve-bagis-toplama-platformu\/"},"modified":"2025-10-09T09:50:19","modified_gmt":"2025-10-09T09:50:19","slug":"givewp-bagis-eklentisi-ve-bagis-toplama-platformu","status":"publish","type":"product","link":"https:\/\/hexexist.com\/tr\/urun\/givewp-bagis-eklentisi-ve-bagis-toplama-platformu\/","title":{"rendered":"GiveWP Ba\u011f\u0131\u015f Eklentisi ve Ba\u011f\u0131\u015f Toplama Platformu"},"content":{"rendered":"<p>GiveWP, WordPress i\u00e7in en y\u00fcksek puan alan, en \u00e7ok indirilen ve en iyi desteklenen ba\u011f\u0131\u015f eklentisidir. \u0130ster basit bir ba\u011f\u0131\u015f d\u00fc\u011fmesine, ister \u00e7evrimi\u00e7i ba\u011f\u0131\u015f i\u00e7in optimize edilmi\u015f g\u00fc\u00e7l\u00fc bir ba\u011f\u0131\u015f platformuna ihtiyac\u0131n\u0131z olsun, GiveWP tam size g\u00f6re. <\/p>\n","protected":false},"excerpt":{"rendered":"<p>GiveWP, WordPress i\u00e7in en y\u00fcksek puan alan, en \u00e7ok indirilen ve en iyi desteklenen ba\u011f\u0131\u015f eklentisidir. \u0130ster basit bir ba\u011f\u0131\u015f d\u00fc\u011fmesine, ister \u00e7evrimi\u00e7i ba\u011f\u0131\u015f i\u00e7in optimize edilmi\u015f g\u00fc\u00e7l\u00fc bir ba\u011f\u0131\u015f platformuna ihtiyac\u0131n\u0131z olsun, GiveWP tam size g\u00f6re.<\/p>\n","protected":false},"featured_media":13172,"comment_status":"open","ping_status":"closed","template":"","meta":[],"product_brand":[],"product_cat":[1413],"product_tag":[2209,2210,2208,2206,2211],"class_list":{"0":"post-13981","1":"product","2":"type-product","3":"status-publish","4":"has-post-thumbnail","6":"product_cat-eklentiler","7":"product_tag-bagis","8":"product_tag-bagis-toplama","9":"product_tag-bagisla","10":"product_tag-kitlesel-fonlama","11":"product_tag-yinelenen-bagislar","13":"first","14":"instock","15":"downloadable","16":"virtual","17":"product-type-simple"},"_links":{"self":[{"href":"https:\/\/hexexist.com\/tr\/wp-json\/wp\/v2\/product\/13981","targetHints":{"allow":["GET"]}}],"collection":[{"href":"https:\/\/hexexist.com\/tr\/wp-json\/wp\/v2\/product"}],"about":[{"href":"https:\/\/hexexist.com\/tr\/wp-json\/wp\/v2\/types\/product"}],"replies":[{"embeddable":true,"href":"https:\/\/hexexist.com\/tr\/wp-json\/wp\/v2\/comments?post=13981"}],"wp:featuredmedia":[{"embeddable":true,"href":"https:\/\/hexexist.com\/tr\/wp-json\/wp\/v2\/media\/13172"}],"wp:attachment":[{"href":"https:\/\/hexexist.com\/tr\/wp-json\/wp\/v2\/media?parent=13981"}],"wp:term":[{"taxonomy":"product_brand","embeddable":true,"href":"https:\/\/hexexist.com\/tr\/wp-json\/wp\/v2\/product_brand?post=13981"},{"taxonomy":"product_cat","embeddable":true,"href":"https:\/\/hexexist.com\/tr\/wp-json\/wp\/v2\/product_cat?post=13981"},{"taxonomy":"product_tag","embeddable":true,"href":"https:\/\/hexexist.com\/tr\/wp-json\/wp\/v2\/product_tag?post=13981"}],"curies":[{"name":"wp","href":"https:\/\/api.w.org\/{rel}","templated":true}]}}