{"id":13982,"date":"2025-10-09T09:50:20","date_gmt":"2025-10-09T09:50:20","guid":{"rendered":"http:\/\/hexexist.com\/product\/gecerli-sablonu-goster\/"},"modified":"2025-10-09T09:50:20","modified_gmt":"2025-10-09T09:50:20","slug":"gecerli-sablonu-goster","status":"publish","type":"product","link":"https:\/\/hexexist.com\/tr\/urun\/gecerli-sablonu-goster\/","title":{"rendered":"Ge\u00e7erli \u015eablonu G\u00f6ster"},"content":{"rendered":"<p>Ge\u00e7erli \u015fablon dosya ad\u0131n\u0131, ge\u00e7erli tema ad\u0131n\u0131 ve dahil edilen \u015fablon dosyalar\u0131n\u0131n ad\u0131n\u0131 ara\u00e7 \u00e7ubu\u011funda g\u00f6steren bir WordPress eklentisi. E\u011fer bu eklentiyi be\u011fendiyseniz, bana bir kahve \u0131smarlayabilirsiniz! \ud83d\ude09<\/p>\n","protected":false},"excerpt":{"rendered":"<p>Ge\u00e7erli \u015fablon dosya ad\u0131n\u0131, ge\u00e7erli tema ad\u0131n\u0131 ve dahil edilen \u015fablon dosyalar\u0131n\u0131n ad\u0131n\u0131 ara\u00e7 \u00e7ubu\u011funda g\u00f6steren bir WordPress eklentisi. E\u011fer bu eklentiyi be\u011fendiyseniz, bana bir kahve \u0131smarlayabilirsiniz! \ud83d\ude09<\/p>\n","protected":false},"featured_media":13179,"comment_status":"open","ping_status":"closed","template":"","meta":[],"product_brand":[],"product_cat":[1413],"product_tag":[2213,2212],"class_list":{"0":"post-13982","1":"product","2":"type-product","3":"status-publish","4":"has-post-thumbnail","6":"product_cat-eklentiler","7":"product_tag-arac-cubugu","8":"product_tag-sablon","10":"first","11":"instock","12":"downloadable","13":"virtual","14":"product-type-simple"},"_links":{"self":[{"href":"https:\/\/hexexist.com\/tr\/wp-json\/wp\/v2\/product\/13982","targetHints":{"allow":["GET"]}}],"collection":[{"href":"https:\/\/hexexist.com\/tr\/wp-json\/wp\/v2\/product"}],"about":[{"href":"https:\/\/hexexist.com\/tr\/wp-json\/wp\/v2\/types\/product"}],"replies":[{"embeddable":true,"href":"https:\/\/hexexist.com\/tr\/wp-json\/wp\/v2\/comments?post=13982"}],"wp:featuredmedia":[{"embeddable":true,"href":"https:\/\/hexexist.com\/tr\/wp-json\/wp\/v2\/media\/13179"}],"wp:attachment":[{"href":"https:\/\/hexexist.com\/tr\/wp-json\/wp\/v2\/media?parent=13982"}],"wp:term":[{"taxonomy":"product_brand","embeddable":true,"href":"https:\/\/hexexist.com\/tr\/wp-json\/wp\/v2\/product_brand?post=13982"},{"taxonomy":"product_cat","embeddable":true,"href":"https:\/\/hexexist.com\/tr\/wp-json\/wp\/v2\/product_cat?post=13982"},{"taxonomy":"product_tag","embeddable":true,"href":"https:\/\/hexexist.com\/tr\/wp-json\/wp\/v2\/product_tag?post=13982"}],"curies":[{"name":"wp","href":"https:\/\/api.w.org\/{rel}","templated":true}]}}