{"id":13983,"date":"2025-10-09T09:50:20","date_gmt":"2025-10-09T09:50:20","guid":{"rendered":"http:\/\/hexexist.com\/product\/gelismis-veritabani-temizleyici\/"},"modified":"2025-10-09T09:50:20","modified_gmt":"2025-10-09T09:50:20","slug":"gelismis-veritabani-temizleyici","status":"publish","type":"product","link":"https:\/\/hexexist.com\/tr\/urun\/gelismis-veritabani-temizleyici\/","title":{"rendered":"Geli\u015fmi\u015f Veritaban\u0131 Temizleyici"},"content":{"rendered":"<p>Eski revizyonlar, spam yorumlar gibi art\u0131k \u00f6\u011feleri silerek veritaban\u0131n\u0131 temizleyin, veritaban\u0131n\u0131 optimize edin ve daha fazlas\u0131n\u0131 yap\u0131n.<\/p>\n","protected":false},"excerpt":{"rendered":"<p>Eski revizyonlar, spam yorumlar gibi art\u0131k \u00f6\u011feleri silerek veritaban\u0131n\u0131 temizleyin, veritaban\u0131n\u0131 optimize edin ve daha fazlas\u0131n\u0131 yap\u0131n.<\/p>\n","protected":false},"featured_media":13184,"comment_status":"open","ping_status":"closed","template":"","meta":[],"product_brand":[],"product_cat":[1413],"product_tag":[1626,1469,2214,1451,1652],"class_list":{"0":"post-13983","1":"product","2":"type-product","3":"status-publish","4":"has-post-thumbnail","6":"product_cat-eklentiler","7":"product_tag-optimize-edin","8":"product_tag-performans","9":"product_tag-postmeta-tr","10":"product_tag-temiz","11":"product_tag-veritabani","13":"first","14":"instock","15":"downloadable","16":"virtual","17":"product-type-simple"},"_links":{"self":[{"href":"https:\/\/hexexist.com\/tr\/wp-json\/wp\/v2\/product\/13983","targetHints":{"allow":["GET"]}}],"collection":[{"href":"https:\/\/hexexist.com\/tr\/wp-json\/wp\/v2\/product"}],"about":[{"href":"https:\/\/hexexist.com\/tr\/wp-json\/wp\/v2\/types\/product"}],"replies":[{"embeddable":true,"href":"https:\/\/hexexist.com\/tr\/wp-json\/wp\/v2\/comments?post=13983"}],"wp:featuredmedia":[{"embeddable":true,"href":"https:\/\/hexexist.com\/tr\/wp-json\/wp\/v2\/media\/13184"}],"wp:attachment":[{"href":"https:\/\/hexexist.com\/tr\/wp-json\/wp\/v2\/media?parent=13983"}],"wp:term":[{"taxonomy":"product_brand","embeddable":true,"href":"https:\/\/hexexist.com\/tr\/wp-json\/wp\/v2\/product_brand?post=13983"},{"taxonomy":"product_cat","embeddable":true,"href":"https:\/\/hexexist.com\/tr\/wp-json\/wp\/v2\/product_cat?post=13983"},{"taxonomy":"product_tag","embeddable":true,"href":"https:\/\/hexexist.com\/tr\/wp-json\/wp\/v2\/product_tag?post=13983"}],"curies":[{"name":"wp","href":"https:\/\/api.w.org\/{rel}","templated":true}]}}