{"id":13984,"date":"2025-10-09T09:50:23","date_gmt":"2025-10-09T09:50:23","guid":{"rendered":"http:\/\/hexexist.com\/product\/elementor-icin-sutunu-tiklanabilir-yapin\/"},"modified":"2025-10-09T09:50:23","modified_gmt":"2025-10-09T09:50:23","slug":"elementor-icin-sutunu-tiklanabilir-yapin","status":"publish","type":"product","link":"https:\/\/hexexist.com\/tr\/urun\/elementor-icin-sutunu-tiklanabilir-yapin\/","title":{"rendered":"Elementor i\u00e7in S\u00fctunu T\u0131klanabilir Yap\u0131n"},"content":{"rendered":"<p>Sorumluluk Reddi: Bu eklentinin Elementor Ltd. ile hi\u00e7bir ba\u011flant\u0131s\u0131 veya deste\u011fi yoktur, tam tersi.<\/p>\n","protected":false},"excerpt":{"rendered":"<p>Sorumluluk Reddi: Bu eklentinin Elementor Ltd. ile hi\u00e7bir ba\u011flant\u0131s\u0131 veya deste\u011fi yoktur, tam tersi.<\/p>\n","protected":false},"featured_media":13191,"comment_status":"open","ping_status":"closed","template":"","meta":[],"product_brand":[],"product_cat":[1413],"product_tag":[2217,1532,2216,1535,2140],"class_list":{"0":"post-13984","1":"product","2":"type-product","3":"status-publish","4":"has-post-thumbnail","6":"product_cat-eklentiler","7":"product_tag-bolum","8":"product_tag-elementor-tr","9":"product_tag-konteyner","10":"product_tag-sayfa-olusturucu","11":"product_tag-sutun","13":"first","14":"instock","15":"downloadable","16":"virtual","17":"product-type-simple"},"_links":{"self":[{"href":"https:\/\/hexexist.com\/tr\/wp-json\/wp\/v2\/product\/13984","targetHints":{"allow":["GET"]}}],"collection":[{"href":"https:\/\/hexexist.com\/tr\/wp-json\/wp\/v2\/product"}],"about":[{"href":"https:\/\/hexexist.com\/tr\/wp-json\/wp\/v2\/types\/product"}],"replies":[{"embeddable":true,"href":"https:\/\/hexexist.com\/tr\/wp-json\/wp\/v2\/comments?post=13984"}],"wp:featuredmedia":[{"embeddable":true,"href":"https:\/\/hexexist.com\/tr\/wp-json\/wp\/v2\/media\/13191"}],"wp:attachment":[{"href":"https:\/\/hexexist.com\/tr\/wp-json\/wp\/v2\/media?parent=13984"}],"wp:term":[{"taxonomy":"product_brand","embeddable":true,"href":"https:\/\/hexexist.com\/tr\/wp-json\/wp\/v2\/product_brand?post=13984"},{"taxonomy":"product_cat","embeddable":true,"href":"https:\/\/hexexist.com\/tr\/wp-json\/wp\/v2\/product_cat?post=13984"},{"taxonomy":"product_tag","embeddable":true,"href":"https:\/\/hexexist.com\/tr\/wp-json\/wp\/v2\/product_tag?post=13984"}],"curies":[{"name":"wp","href":"https:\/\/api.w.org\/{rel}","templated":true}]}}