{"id":13985,"date":"2025-10-09T09:50:21","date_gmt":"2025-10-09T09:50:21","guid":{"rendered":"http:\/\/hexexist.com\/product\/aruba-hispeed-onbellek\/"},"modified":"2025-10-09T09:50:21","modified_gmt":"2025-10-09T09:50:21","slug":"aruba-hispeed-onbellek","status":"publish","type":"product","link":"https:\/\/hexexist.com\/tr\/urun\/aruba-hispeed-onbellek\/","title":{"rendered":"Aruba HiSpeed \u00d6nbellek"},"content":{"rendered":"<p>Aruba HiSpeed Cache, Aruba hosting platformu i\u00e7in HiSpeed Cache hizmetiyle do\u011frudan aray\u00fcz olu\u015fturan ve web sitesinin kontrol paneline eri\u015fmek zorunda kalmadan WordPress panosundaki y\u00f6netimini otomatikle\u015ftiren bir eklentidir.<\/p>\n","protected":false},"excerpt":{"rendered":"<p>Aruba HiSpeed Cache, Aruba hosting platformu i\u00e7in HiSpeed Cache hizmetiyle do\u011frudan aray\u00fcz olu\u015fturan ve web sitesinin kontrol paneline eri\u015fmek zorunda kalmadan WordPress panosundaki y\u00f6netimini otomatikle\u015ftiren bir eklentidir.<\/p>\n","protected":false},"featured_media":13185,"comment_status":"open","ping_status":"closed","template":"","meta":[],"product_brand":[],"product_cat":[1413],"product_tag":[2215,1627,1626,1469,1471],"class_list":{"0":"post-13985","1":"product","2":"type-product","3":"status-publish","4":"has-post-thumbnail","6":"product_cat-eklentiler","7":"product_tag-aruba-tr","8":"product_tag-onbellek","9":"product_tag-optimize-edin","10":"product_tag-performans","11":"product_tag-sayfa-hizi","13":"first","14":"instock","15":"downloadable","16":"virtual","17":"product-type-simple"},"_links":{"self":[{"href":"https:\/\/hexexist.com\/tr\/wp-json\/wp\/v2\/product\/13985","targetHints":{"allow":["GET"]}}],"collection":[{"href":"https:\/\/hexexist.com\/tr\/wp-json\/wp\/v2\/product"}],"about":[{"href":"https:\/\/hexexist.com\/tr\/wp-json\/wp\/v2\/types\/product"}],"replies":[{"embeddable":true,"href":"https:\/\/hexexist.com\/tr\/wp-json\/wp\/v2\/comments?post=13985"}],"wp:featuredmedia":[{"embeddable":true,"href":"https:\/\/hexexist.com\/tr\/wp-json\/wp\/v2\/media\/13185"}],"wp:attachment":[{"href":"https:\/\/hexexist.com\/tr\/wp-json\/wp\/v2\/media?parent=13985"}],"wp:term":[{"taxonomy":"product_brand","embeddable":true,"href":"https:\/\/hexexist.com\/tr\/wp-json\/wp\/v2\/product_brand?post=13985"},{"taxonomy":"product_cat","embeddable":true,"href":"https:\/\/hexexist.com\/tr\/wp-json\/wp\/v2\/product_cat?post=13985"},{"taxonomy":"product_tag","embeddable":true,"href":"https:\/\/hexexist.com\/tr\/wp-json\/wp\/v2\/product_tag?post=13985"}],"curies":[{"name":"wp","href":"https:\/\/api.w.org\/{rel}","templated":true}]}}