{"id":13987,"date":"2025-10-09T09:50:22","date_gmt":"2025-10-09T09:50:22","guid":{"rendered":"http:\/\/hexexist.com\/product\/elementor-icin-prime-slider-eklentileri-revolution-of-a-slider-hero-slider-post-slider-ve-ecommerce-slider\/"},"modified":"2025-10-09T09:50:22","modified_gmt":"2025-10-09T09:50:22","slug":"elementor-icin-prime-slider-eklentileri-revolution-of-a-slider-hero-slider-post-slider-ve-ecommerce-slider","status":"publish","type":"product","link":"https:\/\/hexexist.com\/tr\/urun\/elementor-icin-prime-slider-eklentileri-revolution-of-a-slider-hero-slider-post-slider-ve-ecommerce-slider\/","title":{"rendered":"Elementor \u0130\u00e7in Prime Slider Eklentileri (Revolution of a slider, Hero Slider, Post Slider ve Ecommerce Slider)"},"content":{"rendered":"<p>Prime Slider, herhangi bir web sitesinde kayd\u0131r\u0131c\u0131lar olu\u015fturman\u0131za olanak tan\u0131yan \u00f6d\u00fcll\u00fc bir Elementor WordPress eklentisidir. Bu eklenti ile \u00f6nemli mesajlar\u0131 vurgulayabilir, \u00fcr\u00fcn veya hizmetleri tan\u0131tabilir ve kullan\u0131c\u0131lara slayt i\u00e7eri\u011fi \u00fczerinde kontrol verebilirsiniz. <\/p>\n","protected":false},"excerpt":{"rendered":"<p>Prime Slider, herhangi bir web sitesinde kayd\u0131r\u0131c\u0131lar olu\u015fturman\u0131za olanak tan\u0131yan \u00f6d\u00fcll\u00fc bir Elementor WordPress eklentisidir. Bu eklenti ile \u00f6nemli mesajlar\u0131 vurgulayabilir, \u00fcr\u00fcn veya hizmetleri tan\u0131tabilir ve kullan\u0131c\u0131lara slayt i\u00e7eri\u011fi \u00fczerinde kontrol verebilirsiniz.<\/p>\n","protected":false},"featured_media":13187,"comment_status":"open","ping_status":"closed","template":"","meta":[],"product_brand":[],"product_cat":[1413],"product_tag":[1537,2218,1639,2221,2220],"class_list":{"0":"post-13987","1":"product","2":"type-product","3":"status-publish","4":"has-post-thumbnail","6":"product_cat-eklentiler","7":"product_tag-elementor-eklentileri","8":"product_tag-goruntu-kaydirici","9":"product_tag-kaydirici","10":"product_tag-video-kaydirici","11":"product_tag-wordpress-kaydirici","13":"first","14":"instock","15":"downloadable","16":"virtual","17":"product-type-simple"},"_links":{"self":[{"href":"https:\/\/hexexist.com\/tr\/wp-json\/wp\/v2\/product\/13987","targetHints":{"allow":["GET"]}}],"collection":[{"href":"https:\/\/hexexist.com\/tr\/wp-json\/wp\/v2\/product"}],"about":[{"href":"https:\/\/hexexist.com\/tr\/wp-json\/wp\/v2\/types\/product"}],"replies":[{"embeddable":true,"href":"https:\/\/hexexist.com\/tr\/wp-json\/wp\/v2\/comments?post=13987"}],"wp:featuredmedia":[{"embeddable":true,"href":"https:\/\/hexexist.com\/tr\/wp-json\/wp\/v2\/media\/13187"}],"wp:attachment":[{"href":"https:\/\/hexexist.com\/tr\/wp-json\/wp\/v2\/media?parent=13987"}],"wp:term":[{"taxonomy":"product_brand","embeddable":true,"href":"https:\/\/hexexist.com\/tr\/wp-json\/wp\/v2\/product_brand?post=13987"},{"taxonomy":"product_cat","embeddable":true,"href":"https:\/\/hexexist.com\/tr\/wp-json\/wp\/v2\/product_cat?post=13987"},{"taxonomy":"product_tag","embeddable":true,"href":"https:\/\/hexexist.com\/tr\/wp-json\/wp\/v2\/product_tag?post=13987"}],"curies":[{"name":"wp","href":"https:\/\/api.w.org\/{rel}","templated":true}]}}