{"id":13988,"date":"2025-10-09T09:50:23","date_gmt":"2025-10-09T09:50:23","guid":{"rendered":"http:\/\/hexexist.com\/product\/elementor-ozel-gorunum\/"},"modified":"2025-10-09T09:50:23","modified_gmt":"2025-10-09T09:50:23","slug":"elementor-ozel-gorunum","status":"publish","type":"product","link":"https:\/\/hexexist.com\/tr\/urun\/elementor-ozel-gorunum\/","title":{"rendered":"Elementor \u00d6zel G\u00f6r\u00fcn\u00fcm"},"content":{"rendered":"<p>Bu eklenti Elementor Page Builder Posts ve Posts Archive widget&#8217;\u0131na yeni bir g\u00f6r\u00fcn\u00fcm ekler.<\/p>\n","protected":false},"excerpt":{"rendered":"<p>Bu eklenti Elementor Page Builder Posts ve Posts Archive widget&#8217;\u0131na yeni bir g\u00f6r\u00fcn\u00fcm ekler.<\/p>\n","protected":false},"featured_media":13189,"comment_status":"open","ping_status":"closed","template":"","meta":[],"product_brand":[],"product_cat":[1413],"product_tag":[2222,1532,1535,2223],"class_list":{"0":"post-13988","1":"product","2":"type-product","3":"status-publish","4":"has-post-thumbnail","6":"product_cat-eklentiler","7":"product_tag-dongu","8":"product_tag-elementor-tr","9":"product_tag-sayfa-olusturucu","10":"product_tag-widget-gonder","12":"first","13":"instock","14":"downloadable","15":"virtual","16":"product-type-simple"},"_links":{"self":[{"href":"https:\/\/hexexist.com\/tr\/wp-json\/wp\/v2\/product\/13988","targetHints":{"allow":["GET"]}}],"collection":[{"href":"https:\/\/hexexist.com\/tr\/wp-json\/wp\/v2\/product"}],"about":[{"href":"https:\/\/hexexist.com\/tr\/wp-json\/wp\/v2\/types\/product"}],"replies":[{"embeddable":true,"href":"https:\/\/hexexist.com\/tr\/wp-json\/wp\/v2\/comments?post=13988"}],"wp:featuredmedia":[{"embeddable":true,"href":"https:\/\/hexexist.com\/tr\/wp-json\/wp\/v2\/media\/13189"}],"wp:attachment":[{"href":"https:\/\/hexexist.com\/tr\/wp-json\/wp\/v2\/media?parent=13988"}],"wp:term":[{"taxonomy":"product_brand","embeddable":true,"href":"https:\/\/hexexist.com\/tr\/wp-json\/wp\/v2\/product_brand?post=13988"},{"taxonomy":"product_cat","embeddable":true,"href":"https:\/\/hexexist.com\/tr\/wp-json\/wp\/v2\/product_cat?post=13988"},{"taxonomy":"product_tag","embeddable":true,"href":"https:\/\/hexexist.com\/tr\/wp-json\/wp\/v2\/product_tag?post=13988"}],"curies":[{"name":"wp","href":"https:\/\/api.w.org\/{rel}","templated":true}]}}