{"id":13989,"date":"2025-10-09T09:50:22","date_gmt":"2025-10-09T09:50:22","guid":{"rendered":"http:\/\/hexexist.com\/product\/bbpress\/"},"modified":"2025-10-09T09:50:22","modified_gmt":"2025-10-09T09:50:22","slug":"bbpress","status":"publish","type":"product","link":"https:\/\/hexexist.com\/tr\/urun\/bbpress\/","title":{"rendered":"bbPress"},"content":{"rendered":"<p>Zamans\u0131z, zarif ve modern bir tart\u0131\u015fma panosu mu ar\u0131yorsunuz? bbPress&#8217;in entegrasyonu kolayd\u0131r, kullan\u0131m\u0131 kolayd\u0131r ve b\u00fcy\u00fcyen toplulu\u011funuzla \u00f6l\u00e7eklenecek \u015fekilde tasarlanm\u0131\u015ft\u0131r. <\/p>\n","protected":false},"excerpt":{"rendered":"<p>Zamans\u0131z, zarif ve modern bir tart\u0131\u015fma panosu mu ar\u0131yorsunuz? bbPress&#8217;in entegrasyonu kolayd\u0131r, kullan\u0131m\u0131 kolayd\u0131r ve b\u00fcy\u00fcyen toplulu\u011funuzla \u00f6l\u00e7eklenecek \u015fekilde tasarlanm\u0131\u015ft\u0131r.<\/p>\n","protected":false},"featured_media":13186,"comment_status":"open","ping_status":"closed","template":"","meta":[],"product_brand":[],"product_cat":[1413],"product_tag":[2227,2225,2226,2224],"class_list":{"0":"post-13989","1":"product","2":"type-product","3":"status-publish","4":"has-post-thumbnail","6":"product_cat-eklentiler","7":"product_tag-destek","8":"product_tag-forum-tr","9":"product_tag-forumlar","10":"product_tag-tartisma","12":"first","13":"instock","14":"downloadable","15":"virtual","16":"product-type-simple"},"_links":{"self":[{"href":"https:\/\/hexexist.com\/tr\/wp-json\/wp\/v2\/product\/13989","targetHints":{"allow":["GET"]}}],"collection":[{"href":"https:\/\/hexexist.com\/tr\/wp-json\/wp\/v2\/product"}],"about":[{"href":"https:\/\/hexexist.com\/tr\/wp-json\/wp\/v2\/types\/product"}],"replies":[{"embeddable":true,"href":"https:\/\/hexexist.com\/tr\/wp-json\/wp\/v2\/comments?post=13989"}],"wp:featuredmedia":[{"embeddable":true,"href":"https:\/\/hexexist.com\/tr\/wp-json\/wp\/v2\/media\/13186"}],"wp:attachment":[{"href":"https:\/\/hexexist.com\/tr\/wp-json\/wp\/v2\/media?parent=13989"}],"wp:term":[{"taxonomy":"product_brand","embeddable":true,"href":"https:\/\/hexexist.com\/tr\/wp-json\/wp\/v2\/product_brand?post=13989"},{"taxonomy":"product_cat","embeddable":true,"href":"https:\/\/hexexist.com\/tr\/wp-json\/wp\/v2\/product_cat?post=13989"},{"taxonomy":"product_tag","embeddable":true,"href":"https:\/\/hexexist.com\/tr\/wp-json\/wp\/v2\/product_tag?post=13989"}],"curies":[{"name":"wp","href":"https:\/\/api.w.org\/{rel}","templated":true}]}}