{"id":13990,"date":"2025-10-09T09:50:23","date_gmt":"2025-10-09T09:50:23","guid":{"rendered":"http:\/\/hexexist.com\/product\/crowdsignal-dashboard-anketleri-anketler-ve-daha-fazlasi\/"},"modified":"2025-10-09T09:50:23","modified_gmt":"2025-10-09T09:50:23","slug":"crowdsignal-dashboard-anketleri-anketler-ve-daha-fazlasi","status":"publish","type":"product","link":"https:\/\/hexexist.com\/tr\/urun\/crowdsignal-dashboard-anketleri-anketler-ve-daha-fazlasi\/","title":{"rendered":"Crowdsignal Dashboard Anketleri, Anketler ve daha fazlas\u0131"},"content":{"rendered":"<p>Crowdsignal Dashboard eklentisi, WordPress y\u00f6neticinizden anketler, testler ve derecelendirmeler olu\u015fturman\u0131za ve y\u00f6netmenize olanak tan\u0131r. Crowdsignal.com&#8217;da veya Crowdsignal Forms eklentimizi kullanarak anket ve anket bloklar\u0131m\u0131zdan herhangi birinde yap\u0131lan anketler, s\u0131navlar ve anketler olsun, t\u00fcm projelerinizi tek bir yerde g\u00f6r\u00fcn. Yan\u0131tlar\u0131 ger\u00e7ek zamanl\u0131 olarak analiz etmek ve sonu\u00e7lar\u0131n\u0131z\u0131 her yere aktarmak i\u00e7in yan\u0131tlar\u0131n\u0131z\u0131n t\u00fcm sonu\u00e7lar\u0131n\u0131 tek bir t\u0131klamayla g\u00f6r\u00fcnt\u00fcleyin!  <\/p>\n","protected":false},"excerpt":{"rendered":"<p>Crowdsignal Dashboard eklentisi, WordPress y\u00f6neticinizden anketler, testler ve derecelendirmeler olu\u015fturman\u0131za ve y\u00f6netmenize olanak tan\u0131r. Crowdsignal.com&#8217;da veya Crowdsignal Forms eklentimizi kullanarak anket ve anket bloklar\u0131m\u0131zdan herhangi birinde yap\u0131lan anketler, s\u0131navlar ve anketler olsun, t\u00fcm projelerinizi tek bir yerde g\u00f6r\u00fcn. Yan\u0131tlar\u0131 ger\u00e7ek zamanl\u0131 olarak analiz etmek ve sonu\u00e7lar\u0131n\u0131z\u0131 her yere aktarmak i\u00e7in yan\u0131tlar\u0131n\u0131z\u0131n t\u00fcm sonu\u00e7lar\u0131n\u0131 tek bir [&hellip;]<\/p>\n","protected":false},"featured_media":13193,"comment_status":"open","ping_status":"closed","template":"","meta":[],"product_brand":[],"product_cat":[1413],"product_tag":[2228,2132,2230,2232],"class_list":{"0":"post-13990","1":"product","2":"type-product","3":"status-publish","4":"has-post-thumbnail","6":"product_cat-eklentiler","7":"product_tag-anket-tr","8":"product_tag-anketler-tr","9":"product_tag-polldaddy-tr","10":"product_tag-wppolls-tr","12":"first","13":"instock","14":"downloadable","15":"virtual","16":"product-type-simple"},"_links":{"self":[{"href":"https:\/\/hexexist.com\/tr\/wp-json\/wp\/v2\/product\/13990","targetHints":{"allow":["GET"]}}],"collection":[{"href":"https:\/\/hexexist.com\/tr\/wp-json\/wp\/v2\/product"}],"about":[{"href":"https:\/\/hexexist.com\/tr\/wp-json\/wp\/v2\/types\/product"}],"replies":[{"embeddable":true,"href":"https:\/\/hexexist.com\/tr\/wp-json\/wp\/v2\/comments?post=13990"}],"wp:featuredmedia":[{"embeddable":true,"href":"https:\/\/hexexist.com\/tr\/wp-json\/wp\/v2\/media\/13193"}],"wp:attachment":[{"href":"https:\/\/hexexist.com\/tr\/wp-json\/wp\/v2\/media?parent=13990"}],"wp:term":[{"taxonomy":"product_brand","embeddable":true,"href":"https:\/\/hexexist.com\/tr\/wp-json\/wp\/v2\/product_brand?post=13990"},{"taxonomy":"product_cat","embeddable":true,"href":"https:\/\/hexexist.com\/tr\/wp-json\/wp\/v2\/product_cat?post=13990"},{"taxonomy":"product_tag","embeddable":true,"href":"https:\/\/hexexist.com\/tr\/wp-json\/wp\/v2\/product_tag?post=13990"}],"curies":[{"name":"wp","href":"https:\/\/api.w.org\/{rel}","templated":true}]}}